{"id":674,"date":"2024-01-12T22:43:15","date_gmt":"2024-01-12T21:43:15","guid":{"rendered":"https:\/\/laetitia-chasse-pnl-hypnose.fr\/?page_id=674"},"modified":"2024-01-12T23:37:43","modified_gmt":"2024-01-12T22:37:43","slug":"mentions-legales","status":"publish","type":"page","link":"https:\/\/laetitia-chasse-pnl-hypnose.fr\/index.php\/mentions-legales\/","title":{"rendered":"MENTIONS L\u00c9GALES"},"content":{"rendered":"\n<p><strong>\u00c9dition du site Internet<\/strong><\/p>\n\n\n\n<p>Le site\u00a0<strong>Hypnose Ericksonienne &amp; Th\u00e9rapies Br\u00e8ves<\/strong> accessible \u00e0 l\u2019adresse\u00a0URL https:\/\/laetitia-chasse-pnl-hypnose.fr\/wp-admin\/post.php?post=674&amp;action=edit est \u00e9dit\u00e9 par\u00a0Mme CHASSE Laetitia, dont le domicile est situ\u00e9\u00a0au 9 rue Poulain 60710 HOUDANCOURT.<\/p>\n\n\n\n<p>N\u00b0 Siret : <\/p>\n\n\n\n<p><strong>R\u00e9daction du site Internet<\/strong><\/p>\n\n\n\n<p>Directeur de la publication :&nbsp;CHASSE Laetitia<\/p>\n\n\n\n<p>Contact :&nbsp;tel : 06.29.41.133.35 \/ Mail : chasse.laetitia@neuf.fr<\/p>\n\n\n\n<p><strong>H\u00e9bergeur du site Internet<\/strong><\/p>\n\n\n\n<p>Le site\u00a0\u00a0<strong>Hypnose Ericksonienne &amp; Th\u00e9rapies Br\u00e8ves<\/strong> est h\u00e9berg\u00e9 par\u00a0HEBERGEUR,\u00a0FORME SOCIALE\u00a0au capital de\u00a0FORME SOCIALE\u00a0euros, dont le si\u00e8ge social est situ\u00e9\u00a0ADRESSE HEBERGEUR, joignable par le moyen suivant :\u00a0TELEPHONE.<\/p>\n","protected":false},"excerpt":{"rendered":"<p>\u00c9dition du site Internet Le site\u00a0Hypnose Ericksonienne &amp; Th\u00e9rapies Br\u00e8ves accessible \u00e0 l\u2019adresse\u00a0URL https:\/\/laetitia-chasse-pnl-hypnose.fr\/wp-admin\/post.php?post=674&amp;action=edit est \u00e9dit\u00e9 par\u00a0Mme CHASSE Laetitia, dont le domicile est situ\u00e9\u00a0au 9 rue Poulain 60710 HOUDANCOURT. N\u00b0 Siret : R\u00e9daction du site Internet Directeur de la publication :&nbsp;CHASSE Laetitia Contact :&nbsp;tel : 06.29.41.133.35 \/ Mail : chasse.laetitia@neuf.fr H\u00e9bergeur du site Internet Le [&hellip;]<\/p>\n","protected":false},"author":1,"featured_media":0,"parent":0,"menu_order":8,"comment_status":"closed","ping_status":"closed","template":"","meta":{"footnotes":""},"class_list":["post-674","page","type-page","status-publish","hentry"],"_links":{"self":[{"href":"https:\/\/laetitia-chasse-pnl-hypnose.fr\/index.php\/wp-json\/wp\/v2\/pages\/674","targetHints":{"allow":["GET"]}}],"collection":[{"href":"https:\/\/laetitia-chasse-pnl-hypnose.fr\/index.php\/wp-json\/wp\/v2\/pages"}],"about":[{"href":"https:\/\/laetitia-chasse-pnl-hypnose.fr\/index.php\/wp-json\/wp\/v2\/types\/page"}],"author":[{"embeddable":true,"href":"https:\/\/laetitia-chasse-pnl-hypnose.fr\/index.php\/wp-json\/wp\/v2\/users\/1"}],"replies":[{"embeddable":true,"href":"https:\/\/laetitia-chasse-pnl-hypnose.fr\/index.php\/wp-json\/wp\/v2\/comments?post=674"}],"version-history":[{"count":3,"href":"https:\/\/laetitia-chasse-pnl-hypnose.fr\/index.php\/wp-json\/wp\/v2\/pages\/674\/revisions"}],"predecessor-version":[{"id":680,"href":"https:\/\/laetitia-chasse-pnl-hypnose.fr\/index.php\/wp-json\/wp\/v2\/pages\/674\/revisions\/680"}],"wp:attachment":[{"href":"https:\/\/laetitia-chasse-pnl-hypnose.fr\/index.php\/wp-json\/wp\/v2\/media?parent=674"}],"curies":[{"name":"wp","href":"https:\/\/api.w.org\/{rel}","templated":true}]}}