{"id":47,"date":"2023-06-12T21:47:02","date_gmt":"2023-06-12T19:47:02","guid":{"rendered":"http:\/\/laetitia-chasse-pnl-hypnose.fr\/?page_id=47"},"modified":"2024-02-17T14:18:50","modified_gmt":"2024-02-17T13:18:50","slug":"et-pour-les-enfants-et-les-adolescents","status":"publish","type":"page","link":"https:\/\/laetitia-chasse-pnl-hypnose.fr\/index.php\/et-pour-les-enfants-et-les-adolescents\/","title":{"rendered":"ET POUR LES ENFANTS ET LES ADOLESCENTS ?"},"content":{"rendered":"\t\t<div data-elementor-type=\"wp-page\" data-elementor-id=\"47\" class=\"elementor elementor-47\">\n\t\t\t\t\t\t\t\t\t<section class=\"elementor-section elementor-top-section elementor-element elementor-element-045a4d0 elementor-section-boxed elementor-section-height-default elementor-section-height-default\" data-id=\"045a4d0\" data-element_type=\"section\">\n\t\t\t\t\t\t<div class=\"elementor-container elementor-column-gap-default\">\n\t\t\t\t\t<div class=\"elementor-column elementor-col-50 elementor-top-column elementor-element elementor-element-ec7f0e9\" data-id=\"ec7f0e9\" data-element_type=\"column\">\n\t\t\t<div class=\"elementor-widget-wrap elementor-element-populated\">\n\t\t\t\t\t\t\t\t<div class=\"elementor-element elementor-element-18dacec elementor-absolute elementor-widget elementor-widget-image\" data-id=\"18dacec\" data-element_type=\"widget\" data-settings=\"{&quot;_position&quot;:&quot;absolute&quot;}\" data-widget_type=\"image.default\">\n\t\t\t\t<div class=\"elementor-widget-container\">\n\t\t\t<style>\/*! elementor - v3.16.0 - 09-10-2023 *\/\n.elementor-widget-image{text-align:center}.elementor-widget-image a{display:inline-block}.elementor-widget-image a img[src$=\".svg\"]{width:48px}.elementor-widget-image img{vertical-align:middle;display:inline-block}<\/style>\t\t\t\t\t\t\t\t\t\t\t\t<img loading=\"lazy\" decoding=\"async\" width=\"763\" height=\"552\" src=\"https:\/\/laetitia-chasse-pnl-hypnose.fr\/wp-content\/uploads\/2023\/10\/Garcon.png\" class=\"attachment-large size-large wp-image-580\" alt=\"\" srcset=\"https:\/\/laetitia-chasse-pnl-hypnose.fr\/wp-content\/uploads\/2023\/10\/Garcon.png 763w, https:\/\/laetitia-chasse-pnl-hypnose.fr\/wp-content\/uploads\/2023\/10\/Garcon-300x217.png 300w\" sizes=\"auto, (max-width: 763px) 100vw, 763px\" \/>\t\t\t\t\t\t\t\t\t\t\t\t\t\t\t<\/div>\n\t\t\t\t<\/div>\n\t\t\t\t\t<\/div>\n\t\t<\/div>\n\t\t\t\t<div class=\"elementor-column elementor-col-50 elementor-top-column elementor-element elementor-element-4278a08\" data-id=\"4278a08\" data-element_type=\"column\">\n\t\t\t<div class=\"elementor-widget-wrap elementor-element-populated\">\n\t\t\t\t\t\t\t\t<div class=\"elementor-element elementor-element-a1e8437 elementor-widget elementor-widget-text-editor\" data-id=\"a1e8437\" data-element_type=\"widget\" data-widget_type=\"text-editor.default\">\n\t\t\t\t<div class=\"elementor-widget-container\">\n\t\t\t<style>\/*! elementor - v3.16.0 - 09-10-2023 *\/\n.elementor-widget-text-editor.elementor-drop-cap-view-stacked .elementor-drop-cap{background-color:#69727d;color:#fff}.elementor-widget-text-editor.elementor-drop-cap-view-framed .elementor-drop-cap{color:#69727d;border:3px solid;background-color:transparent}.elementor-widget-text-editor:not(.elementor-drop-cap-view-default) .elementor-drop-cap{margin-top:8px}.elementor-widget-text-editor:not(.elementor-drop-cap-view-default) .elementor-drop-cap-letter{width:1em;height:1em}.elementor-widget-text-editor .elementor-drop-cap{float:left;text-align:center;line-height:1;font-size:50px}.elementor-widget-text-editor .elementor-drop-cap-letter{display:inline-block}<\/style>\t\t\t\t<p style=\"font-family: 'Roboto Slab', sans-serif; font-size: 20px;\"><i>L&rsquo;HYPNOSE<\/i><span style=\"font-weight: bold;\"><i>\u00a0EST UN MERVEILLEUX OUTIL POUR ACCOMPAGNER LES ENFANTS ET DOS DANS LEUR BON D\u00c9VELOPPEMENT<\/i><\/span><\/p><p style=\"font-family: 'Roboto Slab', sans-serif; font-size: 20px;\">Un enfant entre tr\u00e8s naturellement et tr\u00e8s rapidement en \u00e9tat d&rsquo;hypnose car il vit dans\u00a0<span style=\"font-weight: 600;\">un monde d&rsquo;imagination.\u00a0<\/span>Que ce soit un enfant qui joue \u00e0 son jeu pr\u00e9f\u00e9r\u00e9 ou un pr\u00e9-ado qui joue aux jeux vid\u00e9os, ils sont en \u00e9ta modifi\u00e9 de conscience. Ils sont tellement absorb\u00e9s dans leur monde que la r\u00e9alit\u00e9 autour disparait. cet \u00e9tat modifi\u00e9 de conscience se pr\u00e9sente donc comme l&rsquo;\u00e9tat naturel par essence de l&rsquo;enfant. Il fait partie de son univers.<\/p>\t\t\t\t\t\t<\/div>\n\t\t\t\t<\/div>\n\t\t\t\t\t<\/div>\n\t\t<\/div>\n\t\t\t\t\t\t\t<\/div>\n\t\t<\/section>\n\t\t\t\t<section class=\"elementor-section elementor-top-section elementor-element elementor-element-618c85f elementor-section-boxed elementor-section-height-default elementor-section-height-default\" data-id=\"618c85f\" data-element_type=\"section\">\n\t\t\t\t\t\t<div class=\"elementor-container elementor-column-gap-default\">\n\t\t\t\t\t<div class=\"elementor-column elementor-col-25 elementor-top-column elementor-element elementor-element-d132f29\" data-id=\"d132f29\" data-element_type=\"column\">\n\t\t\t<div class=\"elementor-widget-wrap elementor-element-populated\">\n\t\t\t\t\t\t\t\t<div class=\"elementor-element elementor-element-14225c7 elementor-widget elementor-widget-text-editor\" data-id=\"14225c7\" data-element_type=\"widget\" data-widget_type=\"text-editor.default\">\n\t\t\t\t<div class=\"elementor-widget-container\">\n\t\t\t\t\t\t\t\t\t\t\t\t\t<\/div>\n\t\t\t\t<\/div>\n\t\t\t\t<div class=\"elementor-element elementor-element-3c57a32 elementor-widget elementor-widget-image\" data-id=\"3c57a32\" data-element_type=\"widget\" data-widget_type=\"image.default\">\n\t\t\t\t<div class=\"elementor-widget-container\">\n\t\t\t\t\t\t\t\t\t\t\t\t<figure class=\"wp-caption\">\n\t\t\t\t\t\t\t\t\t\t<img loading=\"lazy\" decoding=\"async\" width=\"1920\" height=\"1080\" src=\"https:\/\/laetitia-chasse-pnl-hypnose.fr\/wp-content\/uploads\/2023\/10\/Nounours.jpg\" class=\"attachment-full size-full wp-image-572\" alt=\"\" srcset=\"https:\/\/laetitia-chasse-pnl-hypnose.fr\/wp-content\/uploads\/2023\/10\/Nounours.jpg 1920w, https:\/\/laetitia-chasse-pnl-hypnose.fr\/wp-content\/uploads\/2023\/10\/Nounours-300x169.jpg 300w, https:\/\/laetitia-chasse-pnl-hypnose.fr\/wp-content\/uploads\/2023\/10\/Nounours-1024x576.jpg 1024w, https:\/\/laetitia-chasse-pnl-hypnose.fr\/wp-content\/uploads\/2023\/10\/Nounours-768x432.jpg 768w, https:\/\/laetitia-chasse-pnl-hypnose.fr\/wp-content\/uploads\/2023\/10\/Nounours-1536x864.jpg 1536w\" sizes=\"auto, (max-width: 1920px) 100vw, 1920px\" \/>\t\t\t\t\t\t\t\t\t\t\t<figcaption class=\"widget-image-caption wp-caption-text\">Je vous pr\u00e9sente Diego, mon co-th\u00e9rapeute pour l\u2019accompagnement des plus jeunes.<\/figcaption>\n\t\t\t\t\t\t\t\t\t\t<\/figure>\n\t\t\t\t\t\t\t\t\t<\/div>\n\t\t\t\t<\/div>\n\t\t\t\t\t<\/div>\n\t\t<\/div>\n\t\t\t\t<div class=\"elementor-column elementor-col-50 elementor-top-column elementor-element elementor-element-50fca72\" data-id=\"50fca72\" data-element_type=\"column\">\n\t\t\t<div class=\"elementor-widget-wrap elementor-element-populated\">\n\t\t\t\t\t\t\t\t<div class=\"elementor-element elementor-element-4a39899 elementor-widget elementor-widget-text-editor\" data-id=\"4a39899\" data-element_type=\"widget\" data-widget_type=\"text-editor.default\">\n\t\t\t\t<div class=\"elementor-widget-container\">\n\t\t\t\t\t\t\t<p class=\"MsoNormal\"><b><i>QUELS OUTILS TH\u00c9RAPEUTIQUES ?<\/i><\/b><\/p>\n<p><\/p>\n<p class=\"MsoNormal\">Ce sont les m\u00eames leviers de changements que l\u2019on va rechercher avec un enfant, mais le travail th\u00e9rapeutique sera abord\u00e9 diff\u00e9remment.&nbsp;<b>On va utiliser plusieurs outils comme le dessin, les contes m\u00e9taphoriques, les jeux d\u2019imitation, les jeux avec des figurines, les cartes cr\u00e9atives, &nbsp;etc. Le but \u00e9tant de faire \u00e9voluer l\u2019enfant vers son objectif et celui de son parent.<\/b><\/p>\t\t\t\t\t\t<\/div>\n\t\t\t\t<\/div>\n\t\t\t\t\t<\/div>\n\t\t<\/div>\n\t\t\t\t<div class=\"elementor-column elementor-col-25 elementor-top-column elementor-element elementor-element-7781b34\" data-id=\"7781b34\" data-element_type=\"column\">\n\t\t\t<div class=\"elementor-widget-wrap elementor-element-populated\">\n\t\t\t\t\t\t\t\t<div class=\"elementor-element elementor-element-c26ecf0 elementor-absolute elementor-widget elementor-widget-image\" data-id=\"c26ecf0\" data-element_type=\"widget\" data-settings=\"{&quot;_position&quot;:&quot;absolute&quot;}\" data-widget_type=\"image.default\">\n\t\t\t\t<div class=\"elementor-widget-container\">\n\t\t\t\t\t\t\t\t\t\t\t\t\t\t\t<img loading=\"lazy\" decoding=\"async\" width=\"241\" height=\"166\" src=\"https:\/\/laetitia-chasse-pnl-hypnose.fr\/wp-content\/uploads\/2023\/10\/cartes.jpg\" class=\"attachment-large size-large wp-image-573\" alt=\"\" \/>\t\t\t\t\t\t\t\t\t\t\t\t\t\t\t<\/div>\n\t\t\t\t<\/div>\n\t\t\t\t\t<\/div>\n\t\t<\/div>\n\t\t\t\t\t\t\t<\/div>\n\t\t<\/section>\n\t\t\t\t<section class=\"elementor-section elementor-top-section elementor-element elementor-element-f75df7c elementor-section-boxed elementor-section-height-default elementor-section-height-default\" data-id=\"f75df7c\" data-element_type=\"section\">\n\t\t\t\t\t\t<div class=\"elementor-container elementor-column-gap-default\">\n\t\t\t\t\t<div class=\"elementor-column elementor-col-100 elementor-top-column elementor-element elementor-element-e91de23\" data-id=\"e91de23\" data-element_type=\"column\">\n\t\t\t<div class=\"elementor-widget-wrap elementor-element-populated\">\n\t\t\t\t\t\t\t\t<div class=\"elementor-element elementor-element-d2b04cc elementor-widget elementor-widget-text-editor\" data-id=\"d2b04cc\" data-element_type=\"widget\" data-widget_type=\"text-editor.default\">\n\t\t\t\t<div class=\"elementor-widget-container\">\n\t\t\t\t\t\t\t<p class=\"MsoNormal\"><b><i>\u00c0 PARTIR DE QUEL AGE ?<\/i><\/b><\/p><p class=\"MsoNormal\"><span style=\"color: var( --e-global-color-text ); letter-spacing: -0.3px;\">Il est important de prendre conscience que&nbsp;<\/span><b style=\"color: var( --e-global-color-text ); letter-spacing: -0.3px;\">chaque enfant va \u00e0 son propre rythme<\/b><span style=\"color: var( --e-global-color-text ); letter-spacing: -0.3px;\">, que certaines peurs ou difficult\u00e9s peuvent \u00eatre normales en fonction de l\u2019\u00e2ge, et qu\u2019il faut consulter quand cela apporte une r\u00e9elle g\u00eane au quotidien. D\u00e8s&nbsp;<\/span><b style=\"color: var( --e-global-color-text ); letter-spacing: -0.3px;\">4 ans<\/b><span style=\"color: var( --e-global-color-text ); letter-spacing: -0.3px;\">&nbsp;avec les outils cit\u00e9s plus haut un travail th\u00e9rapeutique ludique peut facilement se mettre en place avec l\u2019enfant, tout en potentialisant un \u00e9tat modifi\u00e9 de conscience naturel. Vers&nbsp;<\/span><b style=\"color: var( --e-global-color-text ); letter-spacing: -0.3px;\">6~7ans<\/b><span style=\"color: var( --e-global-color-text ); letter-spacing: -0.3px;\">&nbsp;on pourra plus facilement induire un \u00e9tat modifi\u00e9 de conscience hypnotique.&nbsp;<\/span><b style=\"color: var( --e-global-color-text ); letter-spacing: -0.3px;\">L\u2019accompagnement est adapt\u00e9 en fonction de l\u2019\u00e2ge et du besoin de l\u2019enfant ou de l\u2019adolescent, prenant en compte notamment sa capacit\u00e9 de concentration.<\/b><\/p>\t\t\t\t\t\t<\/div>\n\t\t\t\t<\/div>\n\t\t\t\t\t<\/div>\n\t\t<\/div>\n\t\t\t\t\t\t\t<\/div>\n\t\t<\/section>\n\t\t\t\t<section class=\"elementor-section elementor-top-section elementor-element elementor-element-1d9ba61 elementor-section-boxed elementor-section-height-default elementor-section-height-default\" data-id=\"1d9ba61\" data-element_type=\"section\">\n\t\t\t\t\t\t<div class=\"elementor-container elementor-column-gap-default\">\n\t\t\t\t\t<div class=\"elementor-column elementor-col-50 elementor-top-column elementor-element elementor-element-748e3f9\" data-id=\"748e3f9\" data-element_type=\"column\">\n\t\t\t<div class=\"elementor-widget-wrap elementor-element-populated\">\n\t\t\t\t\t\t\t\t<div class=\"elementor-element elementor-element-fd37d31 elementor-widget elementor-widget-text-editor\" data-id=\"fd37d31\" data-element_type=\"widget\" data-widget_type=\"text-editor.default\">\n\t\t\t\t<div class=\"elementor-widget-container\">\n\t\t\t\t\t\t\t<p class=\"MsoNormal\"><span style=\"font-weight: 700;\"><i>D\u00c9ROULEMENT D&rsquo;UNE S\u00c9ANCE :<\/i><\/span><\/p>\n<p class=\"MsoNormal\"><span style=\"font-weight: 700;\">Il est important que les deux parents soient pr\u00e9sents au premier rdv dans la mesure du possible pour accompagner l\u2019enfant, afin qu\u2019il se sente soutenu dans sa d\u00e9marche.<\/span><br>Lors de cette premi\u00e8re s\u00e9ance nous ferons connaissance ensemble. Nous aborderons la probl\u00e9matique et l\u2019objectif que votre enfant veut atteindre.&nbsp;<span style=\"font-weight: 700;\">C\u2019est un moment d\u2019\u00e9change ou chacun est libre de s\u2019exprimer, vos visions de la situation pouvant diff\u00e9rer.<\/span><br>Ensuite selon le travail th\u00e9rapeutique engag\u00e9, si votre enfant est d\u2019accord, je vous propose d\u2019attendre \u00e0 l\u2019ext\u00e9rieur le temps de la s\u00e9ance.<\/p>\n<p><\/p>\n<p class=\"MsoNormal\">Je m\u2019int\u00e9resserai alors \u00e0 votre enfant, ce qu\u2019il aime, ses passions, ses amis.es. Il est important qu\u2019<span style=\"font-weight: 700;\">un lien th\u00e9rapeutique de confiance<\/span>&nbsp;s\u2019installe afin de l\u2019accompagner au mieux vers son changement.<br>Ensuite nous parlerons du probl\u00e8me pour lequel votre enfant est l\u00e0 et nous d\u00e9finirons ensemble les objectifs \u00e0 atteindre. Le but \u00e9tant de lui faire prendre conscience qu\u2019il a d\u00e9j\u00e0 tout en lui pour y arriver. Avec tous les outils que je vais lui proposerai, il pourra&nbsp;<span style=\"font-weight: 700;\">exploiter et investir ses propres ressources<\/span>, afin de lui donner&nbsp;<span style=\"font-weight: 700;\">confiance<\/span>&nbsp;et le rendre&nbsp;<span style=\"font-weight: 700;\">autonome<\/span>.<br>A la fin de la s\u00e9ance individuelle, vous reviendrez dans le cabinet afin de faire un bref retour sur ce qui a \u00e9t\u00e9 fait. Cependant il est possible que votre enfant ou adolescent souhaite garder le contenu de la s\u00e9ance confidentiel. Il est tr\u00e8s important que vous respectiez ce choix.<\/p>\t\t\t\t\t\t<\/div>\n\t\t\t\t<\/div>\n\t\t\t\t\t<\/div>\n\t\t<\/div>\n\t\t\t\t<div class=\"elementor-column elementor-col-50 elementor-top-column elementor-element elementor-element-fddf1fd\" data-id=\"fddf1fd\" data-element_type=\"column\">\n\t\t\t<div class=\"elementor-widget-wrap elementor-element-populated\">\n\t\t\t\t\t\t\t\t<div class=\"elementor-element elementor-element-f3b4257 elementor-widget elementor-widget-text-editor\" data-id=\"f3b4257\" data-element_type=\"widget\" data-widget_type=\"text-editor.default\">\n\t\t\t\t<div class=\"elementor-widget-container\">\n\t\t\t\t\t\t\t<p class=\"MsoNormal\"><b><i>CONBIEN DE S\u00c9ANCE ?<\/i><\/b><\/p><p>\u00a0<\/p><p class=\"MsoNormal\">On ne peut pas r\u00e9ellement savoir \u00e0 l\u2019avance combien de s\u00e9ances<br \/>seront n\u00e9cessaires, car tout d\u00e9pend de la probl\u00e9matique, de l\u2019investissement de<br \/>votre enfant et bien d\u2019autres facteurs. Chez les enfants les progr\u00e8s sont<br \/>souvent plus rapides que chez les adultes. Il faut un minimum de 15 jours entre<br \/>chaque s\u00e9ance. Une s\u00e9ance dure 1H\/1H15 en moyenne.<br \/><b>En tant que parent, accompagner votre enfant en s\u00e9ance afin qu\u2019il se<br \/>connaisse mieux et lui accorder du temps, est d\u00e9j\u00e0 un pas sur le chemin de son<br \/>\u00e9panouissement. Cela peut \u00eatre un r\u00e9el acc\u00e9l\u00e9rateur de changement.<\/b><\/p>\t\t\t\t\t\t<\/div>\n\t\t\t\t<\/div>\n\t\t\t\t<div class=\"elementor-element elementor-element-5c62e78 elementor-widget elementor-widget-image\" data-id=\"5c62e78\" data-element_type=\"widget\" data-widget_type=\"image.default\">\n\t\t\t\t<div class=\"elementor-widget-container\">\n\t\t\t\t\t\t\t\t\t\t\t\t\t\t\t<img loading=\"lazy\" decoding=\"async\" width=\"390\" height=\"292\" src=\"https:\/\/laetitia-chasse-pnl-hypnose.fr\/wp-content\/uploads\/2023\/08\/Image4.png\" class=\"attachment-large size-large wp-image-255\" alt=\"\" srcset=\"https:\/\/laetitia-chasse-pnl-hypnose.fr\/wp-content\/uploads\/2023\/08\/Image4.png 390w, https:\/\/laetitia-chasse-pnl-hypnose.fr\/wp-content\/uploads\/2023\/08\/Image4-300x225.png 300w\" sizes=\"auto, (max-width: 390px) 100vw, 390px\" \/>\t\t\t\t\t\t\t\t\t\t\t\t\t\t\t<\/div>\n\t\t\t\t<\/div>\n\t\t\t\t\t<\/div>\n\t\t<\/div>\n\t\t\t\t\t\t\t<\/div>\n\t\t<\/section>\n\t\t\t\t<section class=\"elementor-section elementor-top-section elementor-element elementor-element-63dc6dc elementor-section-boxed elementor-section-height-default elementor-section-height-default\" data-id=\"63dc6dc\" data-element_type=\"section\">\n\t\t\t\t\t\t<div class=\"elementor-container elementor-column-gap-default\">\n\t\t\t\t\t<div class=\"elementor-column elementor-col-100 elementor-top-column elementor-element elementor-element-b5923e3\" data-id=\"b5923e3\" data-element_type=\"column\">\n\t\t\t<div class=\"elementor-widget-wrap elementor-element-populated\">\n\t\t\t\t\t\t\t\t<div class=\"elementor-element elementor-element-45a66f6 elementor-widget elementor-widget-heading\" data-id=\"45a66f6\" data-element_type=\"widget\" data-widget_type=\"heading.default\">\n\t\t\t\t<div class=\"elementor-widget-container\">\n\t\t\t<style>\/*! elementor - v3.16.0 - 09-10-2023 *\/\n.elementor-heading-title{padding:0;margin:0;line-height:1}.elementor-widget-heading .elementor-heading-title[class*=elementor-size-]>a{color:inherit;font-size:inherit;line-height:inherit}.elementor-widget-heading .elementor-heading-title.elementor-size-small{font-size:15px}.elementor-widget-heading .elementor-heading-title.elementor-size-medium{font-size:19px}.elementor-widget-heading .elementor-heading-title.elementor-size-large{font-size:29px}.elementor-widget-heading .elementor-heading-title.elementor-size-xl{font-size:39px}.elementor-widget-heading .elementor-heading-title.elementor-size-xxl{font-size:59px}<\/style><h2 class=\"elementor-heading-title elementor-size-default\"><p><b>Domaines d\u2019application <\/b><span style=\"color: var( --e-global-color-primary ); font-family: var( --e-global-typography-primary-font-family ), Sans-serif; font-size: 2em; font-weight: var( --e-global-typography-primary-font-weight );\"><\/span><\/p><\/h2>\t\t<\/div>\n\t\t\t\t<\/div>\n\t\t\t\t\t<\/div>\n\t\t<\/div>\n\t\t\t\t\t\t\t<\/div>\n\t\t<\/section>\n\t\t\t\t<section class=\"elementor-section elementor-top-section elementor-element elementor-element-6816652 elementor-section-boxed elementor-section-height-default elementor-section-height-default\" data-id=\"6816652\" data-element_type=\"section\">\n\t\t\t\t\t\t<div class=\"elementor-container elementor-column-gap-default\">\n\t\t\t\t\t<div class=\"elementor-column elementor-col-33 elementor-top-column elementor-element elementor-element-9e60596\" data-id=\"9e60596\" data-element_type=\"column\">\n\t\t\t<div class=\"elementor-widget-wrap elementor-element-populated\">\n\t\t\t\t\t\t\t\t<div class=\"elementor-element elementor-element-c66819f elementor-widget elementor-widget-text-editor\" data-id=\"c66819f\" data-element_type=\"widget\" data-widget_type=\"text-editor.default\">\n\t\t\t\t<div class=\"elementor-widget-container\">\n\t\t\t\t\t\t\t<p class=\"MsoNormal\"><b>Troubles Comportementaux :<o:p><\/o:p><\/b><\/p>\n<p class=\"MsoNormal\">\n<\/p><ul>\n<li>Les Cauchemars, les<\/li>\n<li>\npeurs et les phobies<\/li>\n<li>Enur\u00e9sies, se ronger les ongles, se sucer le pouce<\/li>\n<li>Troubles alimentaires<\/li>\n<li>Angoisse et stress<\/li>\n<li>Manque de motivation<\/li>\n<li>Les tics et le b\u00e9gaiement&nbsp;<\/li>\n<\/ul>\n<p><o:p><\/o:p><\/p>\n<p class=\"MsoNormal\"><o:p><\/o:p><\/p>\n<p class=\"MsoNormal\"><o:p><\/o:p><\/p>\n<p class=\"MsoNormal\"><o:p><\/o:p><\/p>\n<p class=\"MsoNormal\"><o:p><\/o:p><\/p>\n<p><\/p>\n<p class=\"MsoNormal\"><o:p><\/o:p><\/p>\t\t\t\t\t\t<\/div>\n\t\t\t\t<\/div>\n\t\t\t\t\t<\/div>\n\t\t<\/div>\n\t\t\t\t<div class=\"elementor-column elementor-col-33 elementor-top-column elementor-element elementor-element-92d4ce4\" data-id=\"92d4ce4\" data-element_type=\"column\">\n\t\t\t<div class=\"elementor-widget-wrap elementor-element-populated\">\n\t\t\t\t\t\t\t\t<div class=\"elementor-element elementor-element-ef2419f elementor-widget elementor-widget-text-editor\" data-id=\"ef2419f\" data-element_type=\"widget\" data-widget_type=\"text-editor.default\">\n\t\t\t\t<div class=\"elementor-widget-container\">\n\t\t\t\t\t\t\t<p class=\"MsoNormal\"><b>Les troubles de l\u2019attention :<\/b><\/p>\n<p class=\"MsoNormal\">\n<\/p><ul>\n<li>L\u2019hyperactivit\u00e9<\/li>\n<li>La dysphasie<\/li>\n<li>Les difficult\u00e9s observ\u00e9es dans les dysphasies<\/li>\n<li>Troubles associ\u00e9s<\/li>\n<\/ul>\n<p><\/p>\t\t\t\t\t\t<\/div>\n\t\t\t\t<\/div>\n\t\t\t\t\t<\/div>\n\t\t<\/div>\n\t\t\t\t<div class=\"elementor-column elementor-col-33 elementor-top-column elementor-element elementor-element-a802207\" data-id=\"a802207\" data-element_type=\"column\">\n\t\t\t<div class=\"elementor-widget-wrap elementor-element-populated\">\n\t\t\t\t\t\t\t\t<div class=\"elementor-element elementor-element-7da837b elementor-widget elementor-widget-text-editor\" data-id=\"7da837b\" data-element_type=\"widget\" data-widget_type=\"text-editor.default\">\n\t\t\t\t<div class=\"elementor-widget-container\">\n\t\t\t\t\t\t\t<p class=\"MsoNormal\"><b>La r\u00e9ussite scolaire et sociale :<\/b><\/p>\n<p class=\"MsoNormal\">\n<\/p><ul>\n<li>Am\u00e9liorer l\u2019apprentissage et la m\u00e9morisation<\/li>\n<li>Am\u00e9liorer la r\u00e9ussite scolaire<\/li>\n<\/ul>\n<p><\/p>\t\t\t\t\t\t<\/div>\n\t\t\t\t<\/div>\n\t\t\t\t\t<\/div>\n\t\t<\/div>\n\t\t\t\t\t\t\t<\/div>\n\t\t<\/section>\n\t\t\t\t<section class=\"elementor-section elementor-top-section elementor-element elementor-element-9f7e1e9 elementor-section-boxed elementor-section-height-default elementor-section-height-default\" data-id=\"9f7e1e9\" data-element_type=\"section\">\n\t\t\t\t\t\t<div class=\"elementor-container elementor-column-gap-default\">\n\t\t\t\t\t<div class=\"elementor-column elementor-col-100 elementor-top-column elementor-element elementor-element-263a138\" data-id=\"263a138\" data-element_type=\"column\">\n\t\t\t<div class=\"elementor-widget-wrap elementor-element-populated\">\n\t\t\t\t\t\t\t\t<div class=\"elementor-element elementor-element-a3a2500 elementor-widget elementor-widget-text-editor\" data-id=\"a3a2500\" data-element_type=\"widget\" data-widget_type=\"text-editor.default\">\n\t\t\t\t<div class=\"elementor-widget-container\">\n\t\t\t\t\t\t\t<p class=\"MsoNormal\">Cette liste est non exhaustive, n\u2019h\u00e9sitez pas \u00e0 me contacter\npour que l\u2019on en parle ensemble.<o:p><\/o:p><\/p><p>\n\n<\/p><p class=\"MsoNormal\"><i>Je pourrais \u00eatre amen\u00e9e \u00e0 vous rediriger vers un autre\npraticien si la probl\u00e9matique d\u00e9passe mon champ de comp\u00e9tence o\u00f9 m\u00eame \u00e0 travailler\nen collaboration avec s\u2019il le faut (psychologue, p\u00e9dopsychiatre, orthophoniste\netc).<\/i><br>\n<i>&nbsp;Les th\u00e9rapies br\u00e8ves ne se\nsubstituent pas \u00e0 un avis m\u00e9dical et\/ou un traitement, qu\u2019il ne faut en aucun\ncas arr\u00eater sans l\u2019accord du m\u00e9decin ou p\u00e9dopsychiatre qui suit l\u2019enfant ou\nl\u2019adolescent.<\/i><o:p><\/o:p><\/p>\t\t\t\t\t\t<\/div>\n\t\t\t\t<\/div>\n\t\t\t\t\t<\/div>\n\t\t<\/div>\n\t\t\t\t\t\t\t<\/div>\n\t\t<\/section>\n\t\t\t\t\t\t\t<\/div>\n\t\t","protected":false},"excerpt":{"rendered":"<p>L&rsquo;HYPNOSE\u00a0EST UN MERVEILLEUX OUTIL POUR ACCOMPAGNER LES ENFANTS ET DOS DANS LEUR BON D\u00c9VELOPPEMENT Un enfant entre tr\u00e8s naturellement et tr\u00e8s rapidement en \u00e9tat d&rsquo;hypnose car il vit dans\u00a0un monde d&rsquo;imagination.\u00a0Que ce soit un enfant qui joue \u00e0 son jeu pr\u00e9f\u00e9r\u00e9 ou un pr\u00e9-ado qui joue aux jeux vid\u00e9os, ils sont en \u00e9ta modifi\u00e9 de [&hellip;]<\/p>\n","protected":false},"author":1,"featured_media":0,"parent":0,"menu_order":3,"comment_status":"closed","ping_status":"closed","template":"","meta":{"footnotes":""},"class_list":["post-47","page","type-page","status-publish","hentry"],"_links":{"self":[{"href":"https:\/\/laetitia-chasse-pnl-hypnose.fr\/index.php\/wp-json\/wp\/v2\/pages\/47","targetHints":{"allow":["GET"]}}],"collection":[{"href":"https:\/\/laetitia-chasse-pnl-hypnose.fr\/index.php\/wp-json\/wp\/v2\/pages"}],"about":[{"href":"https:\/\/laetitia-chasse-pnl-hypnose.fr\/index.php\/wp-json\/wp\/v2\/types\/page"}],"author":[{"embeddable":true,"href":"https:\/\/laetitia-chasse-pnl-hypnose.fr\/index.php\/wp-json\/wp\/v2\/users\/1"}],"replies":[{"embeddable":true,"href":"https:\/\/laetitia-chasse-pnl-hypnose.fr\/index.php\/wp-json\/wp\/v2\/comments?post=47"}],"version-history":[{"count":68,"href":"https:\/\/laetitia-chasse-pnl-hypnose.fr\/index.php\/wp-json\/wp\/v2\/pages\/47\/revisions"}],"predecessor-version":[{"id":789,"href":"https:\/\/laetitia-chasse-pnl-hypnose.fr\/index.php\/wp-json\/wp\/v2\/pages\/47\/revisions\/789"}],"wp:attachment":[{"href":"https:\/\/laetitia-chasse-pnl-hypnose.fr\/index.php\/wp-json\/wp\/v2\/media?parent=47"}],"curies":[{"name":"wp","href":"https:\/\/api.w.org\/{rel}","templated":true}]}}