{"id":44,"date":"2023-06-12T21:47:16","date_gmt":"2023-06-12T19:47:16","guid":{"rendered":"http:\/\/laetitia-chasse-pnl-hypnose.fr\/?page_id=44"},"modified":"2024-02-10T15:26:54","modified_gmt":"2024-02-10T14:26:54","slug":"hypnose-et-pnl","status":"publish","type":"page","link":"https:\/\/laetitia-chasse-pnl-hypnose.fr\/index.php\/hypnose-et-pnl\/","title":{"rendered":"HYPNOSE ET PNL"},"content":{"rendered":"\t\t<div data-elementor-type=\"wp-page\" data-elementor-id=\"44\" class=\"elementor elementor-44\">\n\t\t\t\t\t\t\t\t\t<section class=\"elementor-section elementor-top-section elementor-element elementor-element-c65be23 elementor-section-boxed elementor-section-height-default elementor-section-height-default\" data-id=\"c65be23\" data-element_type=\"section\">\n\t\t\t\t\t\t<div class=\"elementor-container elementor-column-gap-default\">\n\t\t\t\t\t<div class=\"elementor-column elementor-col-100 elementor-top-column elementor-element elementor-element-6b4ddea\" data-id=\"6b4ddea\" data-element_type=\"column\">\n\t\t\t<div class=\"elementor-widget-wrap elementor-element-populated\">\n\t\t\t\t\t\t\t\t<div class=\"elementor-element elementor-element-7317b36 elementor-widget elementor-widget-text-editor\" data-id=\"7317b36\" data-element_type=\"widget\" data-widget_type=\"text-editor.default\">\n\t\t\t\t<div class=\"elementor-widget-container\">\n\t\t\t<style>\/*! elementor - v3.16.0 - 09-10-2023 *\/\n.elementor-widget-text-editor.elementor-drop-cap-view-stacked .elementor-drop-cap{background-color:#69727d;color:#fff}.elementor-widget-text-editor.elementor-drop-cap-view-framed .elementor-drop-cap{color:#69727d;border:3px solid;background-color:transparent}.elementor-widget-text-editor:not(.elementor-drop-cap-view-default) .elementor-drop-cap{margin-top:8px}.elementor-widget-text-editor:not(.elementor-drop-cap-view-default) .elementor-drop-cap-letter{width:1em;height:1em}.elementor-widget-text-editor .elementor-drop-cap{float:left;text-align:center;line-height:1;font-size:50px}.elementor-widget-text-editor .elementor-drop-cap-letter{display:inline-block}<\/style>\t\t\t\t<p>L\u2019hypnose et la PNL sont avant tout des outils de\u00a0<b>communication<\/b>\u00a0et doivent s\u2019inscrire dans le cadre d\u2019un v\u00e9ritable accompagnement th\u00e9rapeutique.\u00a0<b><i>Pour \u00eatre pleinement efficace, l\u2019engagement et la motivation de la personne sont primordiaux.<\/i><\/b><\/p>\t\t\t\t\t\t<\/div>\n\t\t\t\t<\/div>\n\t\t\t\t\t<\/div>\n\t\t<\/div>\n\t\t\t\t\t\t\t<\/div>\n\t\t<\/section>\n\t\t\t\t<section class=\"elementor-section elementor-top-section elementor-element elementor-element-1af2e61 elementor-section-boxed elementor-section-height-default elementor-section-height-default\" data-id=\"1af2e61\" data-element_type=\"section\">\n\t\t\t\t\t\t<div class=\"elementor-container elementor-column-gap-default\">\n\t\t\t\t\t<div class=\"elementor-column elementor-col-100 elementor-top-column elementor-element elementor-element-bfbdcd6\" data-id=\"bfbdcd6\" data-element_type=\"column\">\n\t\t\t<div class=\"elementor-widget-wrap elementor-element-populated\">\n\t\t\t\t\t\t\t\t<div class=\"elementor-element elementor-element-e30bb85 elementor-widget__width-inherit elementor-widget elementor-widget-image\" data-id=\"e30bb85\" data-element_type=\"widget\" data-widget_type=\"image.default\">\n\t\t\t\t<div class=\"elementor-widget-container\">\n\t\t\t<style>\/*! elementor - v3.16.0 - 09-10-2023 *\/\n.elementor-widget-image{text-align:center}.elementor-widget-image a{display:inline-block}.elementor-widget-image a img[src$=\".svg\"]{width:48px}.elementor-widget-image img{vertical-align:middle;display:inline-block}<\/style>\t\t\t\t\t\t\t\t\t\t\t\t<img loading=\"lazy\" decoding=\"async\" width=\"617\" height=\"410\" src=\"https:\/\/laetitia-chasse-pnl-hypnose.fr\/wp-content\/uploads\/2023\/08\/Image1.jpg\" class=\"attachment-2048x2048 size-2048x2048 wp-image-212\" alt=\"\" srcset=\"https:\/\/laetitia-chasse-pnl-hypnose.fr\/wp-content\/uploads\/2023\/08\/Image1.jpg 617w, https:\/\/laetitia-chasse-pnl-hypnose.fr\/wp-content\/uploads\/2023\/08\/Image1-300x199.jpg 300w\" sizes=\"auto, (max-width: 617px) 100vw, 617px\" \/>\t\t\t\t\t\t\t\t\t\t\t\t\t\t\t<\/div>\n\t\t\t\t<\/div>\n\t\t\t\t\t<\/div>\n\t\t<\/div>\n\t\t\t\t\t\t\t<\/div>\n\t\t<\/section>\n\t\t\t\t<section class=\"elementor-section elementor-top-section elementor-element elementor-element-9175882 elementor-section-boxed elementor-section-height-default elementor-section-height-default\" data-id=\"9175882\" data-element_type=\"section\">\n\t\t\t\t\t\t<div class=\"elementor-container elementor-column-gap-default\">\n\t\t\t\t\t<div class=\"elementor-column elementor-col-100 elementor-top-column elementor-element elementor-element-378a497\" data-id=\"378a497\" data-element_type=\"column\">\n\t\t\t<div class=\"elementor-widget-wrap elementor-element-populated\">\n\t\t\t\t\t\t\t\t<div class=\"elementor-element elementor-element-c423326 elementor-widget__width-initial elementor-widget elementor-widget-text-editor\" data-id=\"c423326\" data-element_type=\"widget\" data-widget_type=\"text-editor.default\">\n\t\t\t\t<div class=\"elementor-widget-container\">\n\t\t\t\t\t\t\t<h2 style=\"text-align: center;\"><span style=\"color: #000000;\"><b><i>L\u2019hypnose Ericksonienne :<\/i><\/b><\/span><\/h2><p class=\"MsoNormal\" style=\"margin-bottom: 0cm; line-height: normal;\"><span style=\"color: #000000;\">L\u2019hypnose Ericksonienne, d\u00e9velopp\u00e9e par le psychiatre am\u00e9ricain\u00a0<i>Milton H. Erickson<\/i>\u00a0(1901-1980).<\/span><\/p><p class=\"MsoNormal\" style=\"margin-bottom: 0cm; text-align: justify; line-height: normal;\"><span style=\"color: #000000;\">Milton Erickson est un enfant atteint d\u2019une poliomy\u00e9lite et paralys\u00e9 lorsqu\u2019il d\u00e9veloppe (seul et intuitivement) l\u2019hypnose ericksonienne.<span style=\"font-size: 2em; text-align: center;\">\u00a0<\/span><\/span><span style=\"color: #000000;\"><b><i><img loading=\"lazy\" decoding=\"async\" class=\"wp-image-712 alignleft\" src=\"http:\/\/laetitia-chasse-pnl-hypnose.fr\/wp-content\/uploads\/2024\/02\/test-1.jpg\" alt=\"\" width=\"564\" height=\"309\" \/><\/i><\/b><\/span><\/p><p class=\"MsoNormal\" style=\"margin-bottom: 0cm; text-align: justify; line-height: normal;\"><span style=\"color: #000000;\">L\u2019hypnose Ericksonienne est\u00a0<\/span><b style=\"color: #000000;\">une hypnose th\u00e9rapeutique\u00a0<\/b><span style=\"color: #000000;\">tr\u00e8s diff\u00e9rente de l\u2019hypnose de spectacle. C\u2019est une approche pratique orient\u00e9e\u00a0<\/span><b style=\"color: #000000;\">solution<\/b><span style=\"color: #000000;\">\u00a0et\u00a0<\/span><b style=\"color: #000000;\">respectueuse\u00a0<\/b><span style=\"color: #000000;\">de la personne. Elle induit de mani\u00e8re totalement adapt\u00e9e \u00e0 l\u2019individu un \u00e9tat modifi\u00e9 de conscience afin de le connecter \u00e0 son moi le plus profond. Cette m\u00e9thode met le client au c\u0153ur de son accompagnement autrement dit\u00a0: c\u2019est le sujet qui est acteur de son changement. Pour Milton, \u00ab\u00a0votre esprit est tr\u00e8s intelligent. A c\u00f4t\u00e9 de votre inconscient , il est stupide.\u00a0\u00bb Acc\u00e9der \u00e0 l\u2019\u00e9tat hypnotique est donc un excellent moyen de trouver des solutions pertinentes \u00e0 des probl\u00e8mes nous paraissant consciemment insoluble.<\/span><span style=\"color: #000000;\">C\u2019est une technique de communication qui utilise\u00a0<\/span><b style=\"color: #000000;\">les \u00e9tats et fonctionnements naturels du cerveau<\/b><span style=\"color: #000000;\">\u00a0pour le \u00ab\u00a0<\/span><i style=\"color: #000000;\">reprogrammer\u00a0<\/i><span style=\"color: #000000;\">\u00bb. C\u2019est un \u00e9tat modifi\u00e9 de conscience pendant lequel la partie du cerveau qui traite entre autre les raisonnements logiques et rationnels (cerveau gauche) est en quelque sorte mis \u00ab\u00a0<\/span><i style=\"color: #000000;\">en veille\u00a0<\/i><span style=\"color: #000000;\">\u00bb afin de mobiliser la partie du cerveau qui elle traite les fonctions intuitives, imaginatives, cr\u00e9atives (cerveau droit) etc.\u00a0<\/span><i style=\"color: #000000;\">Le conscient va donc s\u2019effacer afin de pouvoir acc\u00e9der \u00e0 sa part inconsciente.<\/i><\/p><p class=\"MsoNormal\" style=\"margin-bottom: 0cm; text-align: justify;\"><span style=\"color: #000000;\">Cet \u00e9tat modifi\u00e9 de consci<\/span><\/p><p class=\"MsoNormal\" style=\"margin-bottom: 0cm; text-align: justify;\"><span style=\"color: #000000;\">ence est\u00a0<b>un \u00e9tat naturel<\/b>\u00a0que nous traversons tous plusieurs fois par jour. Ces moments o\u00f9 la pens\u00e9e d\u00e9croche ou au contraire tellement absorb\u00e9s par une activit\u00e9 que nous en oublions ce qu\u2019il se passe autour (trajet en voiture, t\u00e2ches routini\u00e8res, lecture\u2026).<\/span><br \/><span style=\"color: #000000;\">En hypnose Ericksonienne cet \u00e9tat est recr\u00e9\u00e9 volontairement, amplifi\u00e9 afin de mettre en place des suggestions adapt\u00e9es aux changements d\u00e9sir\u00e9s.\u00a0<b>Elle part du principe que les ressources sont en chacun.<\/b>\u00a0Le praticien n\u2019est qu\u2019un guide et c\u2019est la personne qui est actrice de son changement.<\/span><\/p><p style=\"mso-margin-top-alt: auto; mso-margin-bottom-alt: auto; line-height: normal;\">\u00a0<\/p>\t\t\t\t\t\t<\/div>\n\t\t\t\t<\/div>\n\t\t\t\t\t<\/div>\n\t\t<\/div>\n\t\t\t\t\t\t\t<\/div>\n\t\t<\/section>\n\t\t\t\t<section class=\"elementor-section elementor-top-section elementor-element elementor-element-b96ecda elementor-section-boxed elementor-section-height-default elementor-section-height-default\" data-id=\"b96ecda\" data-element_type=\"section\">\n\t\t\t\t\t\t<div class=\"elementor-container elementor-column-gap-default\">\n\t\t\t\t\t<div class=\"elementor-column elementor-col-100 elementor-top-column elementor-element elementor-element-a7bc7b0\" data-id=\"a7bc7b0\" data-element_type=\"column\">\n\t\t\t<div class=\"elementor-widget-wrap elementor-element-populated\">\n\t\t\t\t\t\t\t\t<div class=\"elementor-element elementor-element-2088853 elementor-widget elementor-widget-text-editor\" data-id=\"2088853\" data-element_type=\"widget\" data-widget_type=\"text-editor.default\">\n\t\t\t\t<div class=\"elementor-widget-container\">\n\t\t\t\t\t\t\t<h2><b><i>La Programmation Neuro Linguistique (PNL) :<br \/><\/i><\/b><\/h2><p class=\"MsoNormal\" style=\"margin-bottom: 0cm; text-align: justify;\">La PNL a \u00e9t\u00e9 cr\u00e9\u00e9e par les am\u00e9ricains\u00a0<i>John GRINDLER<\/i>\u00a0et\u00a0<i>Richard BANDLER\u00a0<\/i>dans les ann\u00e9es 70. Le terme Programmation Neuro Linguistique int\u00e8gre les trois \u00e9l\u00e9ments essentiels \u00e0 l\u2019exp\u00e9rience humaine :\u00a0<b>la neurologie, le langage, la programmation<\/b>. Le syst\u00e8me neurologique r\u00e9gule le fonctionnement de notre corps, le langage d\u00e9termine notre fa\u00e7on de communiquer avec les autres, et nos programmes d\u00e9terminent le mod\u00e8le du monde que nous cr\u00e9ons.<br \/>Selon\u00a0<i>Robert DILTS<\/i>\u00a0la PNL d\u00e9crit\u00a0<i>\u00abcomment les interactions entre\u00a0<b>la pens\u00e9e<\/b>\u00a0(Neuro) et\u00a0<b>le langage<\/b>\u00a0(Linguistique) organisent\u00a0<b>le fonctionnement de notre corps et de nos comportements\u00a0<\/b>(Programmation) et les r\u00e9sultats que nous obtenons\u00bb.<\/i><br \/>La PNL se base sur une mod\u00e9lisation de sch\u00e9mas comportementaux et communicationnels d\u2019excellence. Ainsi elle aide \u00e0 d\u00e9velopper des comportements de r\u00e9ussite en apprenant \u00e0 mobiliser\u00a0<b>nos propres ressources.<\/b><br \/>C\u2019est une technique de communication verbale et non verbale et de\u00a0<b>transformation de soi<\/b>\u00a0qui s\u2019int\u00e9resse plus au\u00a0<b><i>\u00ab comment \u00bb\u00a0<\/i><\/b>de nos comportements plut\u00f4t qu\u2019au\u00a0<i>\u00ab pourquoi \u00bb<\/i>.<br \/>La PNL s\u2019int\u00e8gre bien dans un cadre th\u00e9rapeutique.Tr\u00e8s efficace en mati\u00e8re de d\u00e9veloppement personnel, elle permet d\u2019accro\u00eetre ses potentiels et ses ressources, son leadership, sa confiance en soi etc.<\/p>\t\t\t\t\t\t<\/div>\n\t\t\t\t<\/div>\n\t\t\t\t\t<\/div>\n\t\t<\/div>\n\t\t\t\t\t\t\t<\/div>\n\t\t<\/section>\n\t\t\t\t<section class=\"elementor-section elementor-top-section elementor-element elementor-element-81bf111 elementor-section-boxed elementor-section-height-default elementor-section-height-default\" data-id=\"81bf111\" data-element_type=\"section\">\n\t\t\t\t\t\t<div class=\"elementor-container elementor-column-gap-default\">\n\t\t\t\t\t<div class=\"elementor-column elementor-col-100 elementor-top-column elementor-element elementor-element-8e730f6\" data-id=\"8e730f6\" data-element_type=\"column\">\n\t\t\t<div class=\"elementor-widget-wrap elementor-element-populated\">\n\t\t\t\t\t\t\t\t<div class=\"elementor-element elementor-element-54058ec elementor-widget elementor-widget-heading\" data-id=\"54058ec\" data-element_type=\"widget\" data-widget_type=\"heading.default\">\n\t\t\t\t<div class=\"elementor-widget-container\">\n\t\t\t<style>\/*! elementor - v3.16.0 - 09-10-2023 *\/\n.elementor-heading-title{padding:0;margin:0;line-height:1}.elementor-widget-heading .elementor-heading-title[class*=elementor-size-]>a{color:inherit;font-size:inherit;line-height:inherit}.elementor-widget-heading .elementor-heading-title.elementor-size-small{font-size:15px}.elementor-widget-heading .elementor-heading-title.elementor-size-medium{font-size:19px}.elementor-widget-heading .elementor-heading-title.elementor-size-large{font-size:29px}.elementor-widget-heading .elementor-heading-title.elementor-size-xl{font-size:39px}.elementor-widget-heading .elementor-heading-title.elementor-size-xxl{font-size:59px}<\/style><h3 class=\"elementor-heading-title elementor-size-default\">Sachez que le simple fait de vous informer comme vous le faites et de\nprendre rendez-vous, vous aide d\u00e9j\u00e0 \u00e0 avancer dans votre qu\u00eate. Je fais l\u00e0 un\nclin d\u2019\u0153il \u00e0 qui se reconnaitra&nbsp;: il se dit que \u00ab&nbsp;la moiti\u00e9 du\ntravail est fait juste en prenant un rdv&nbsp;\u00bb&nbsp;: vous avez donc presque\nfait le plus dur! <br><br>FELICITEZ-VOUS !\n<p style=\"mso-margin-top-alt:auto;mso-margin-bottom-alt:auto;\nline-height:normal\"><span style=\"color: var( --e-global-color-primary ); font-family: var( --e-global-typography-primary-font-family ), Sans-serif; font-size: 2em; font-weight: var( --e-global-typography-primary-font-weight );\"><\/span><br><\/p><\/h3>\t\t<\/div>\n\t\t\t\t<\/div>\n\t\t\t\t\t<\/div>\n\t\t<\/div>\n\t\t\t\t\t\t\t<\/div>\n\t\t<\/section>\n\t\t\t\t\t\t\t<\/div>\n\t\t","protected":false},"excerpt":{"rendered":"<p>L\u2019hypnose et la PNL sont avant tout des outils de\u00a0communication\u00a0et doivent s\u2019inscrire dans le cadre d\u2019un v\u00e9ritable accompagnement th\u00e9rapeutique.\u00a0Pour \u00eatre pleinement efficace, l\u2019engagement et la motivation de la personne sont primordiaux. L\u2019hypnose Ericksonienne : L\u2019hypnose Ericksonienne, d\u00e9velopp\u00e9e par le psychiatre am\u00e9ricain\u00a0Milton H. Erickson\u00a0(1901-1980). Milton Erickson est un enfant atteint d\u2019une poliomy\u00e9lite et paralys\u00e9 lorsqu\u2019il d\u00e9veloppe [&hellip;]<\/p>\n","protected":false},"author":1,"featured_media":0,"parent":0,"menu_order":2,"comment_status":"closed","ping_status":"closed","template":"","meta":{"footnotes":""},"class_list":["post-44","page","type-page","status-publish","hentry"],"_links":{"self":[{"href":"https:\/\/laetitia-chasse-pnl-hypnose.fr\/index.php\/wp-json\/wp\/v2\/pages\/44","targetHints":{"allow":["GET"]}}],"collection":[{"href":"https:\/\/laetitia-chasse-pnl-hypnose.fr\/index.php\/wp-json\/wp\/v2\/pages"}],"about":[{"href":"https:\/\/laetitia-chasse-pnl-hypnose.fr\/index.php\/wp-json\/wp\/v2\/types\/page"}],"author":[{"embeddable":true,"href":"https:\/\/laetitia-chasse-pnl-hypnose.fr\/index.php\/wp-json\/wp\/v2\/users\/1"}],"replies":[{"embeddable":true,"href":"https:\/\/laetitia-chasse-pnl-hypnose.fr\/index.php\/wp-json\/wp\/v2\/comments?post=44"}],"version-history":[{"count":61,"href":"https:\/\/laetitia-chasse-pnl-hypnose.fr\/index.php\/wp-json\/wp\/v2\/pages\/44\/revisions"}],"predecessor-version":[{"id":732,"href":"https:\/\/laetitia-chasse-pnl-hypnose.fr\/index.php\/wp-json\/wp\/v2\/pages\/44\/revisions\/732"}],"wp:attachment":[{"href":"https:\/\/laetitia-chasse-pnl-hypnose.fr\/index.php\/wp-json\/wp\/v2\/media?parent=44"}],"curies":[{"name":"wp","href":"https:\/\/api.w.org\/{rel}","templated":true}]}}