{"id":42,"date":"2023-06-12T21:47:41","date_gmt":"2023-06-12T19:47:41","guid":{"rendered":"http:\/\/laetitia-chasse-pnl-hypnose.fr\/?page_id=42"},"modified":"2024-02-17T13:41:12","modified_gmt":"2024-02-17T12:41:12","slug":"qui-suis-je","status":"publish","type":"page","link":"https:\/\/laetitia-chasse-pnl-hypnose.fr\/index.php\/qui-suis-je\/","title":{"rendered":"QUI SUIS-JE ?"},"content":{"rendered":"\t\t<div data-elementor-type=\"wp-page\" data-elementor-id=\"42\" class=\"elementor elementor-42\">\n\t\t\t\t\t\t\t\t\t<section class=\"elementor-section elementor-top-section elementor-element elementor-element-e3a6f23 elementor-section-boxed elementor-section-height-default elementor-section-height-default\" data-id=\"e3a6f23\" data-element_type=\"section\">\n\t\t\t\t\t\t<div class=\"elementor-container elementor-column-gap-default\">\n\t\t\t\t\t<div class=\"elementor-column elementor-col-100 elementor-top-column elementor-element elementor-element-de428a1\" data-id=\"de428a1\" data-element_type=\"column\">\n\t\t\t<div class=\"elementor-widget-wrap elementor-element-populated\">\n\t\t\t\t\t\t\t\t<div class=\"elementor-element elementor-element-baf937a animated-slow elementor-invisible elementor-widget elementor-widget-heading\" data-id=\"baf937a\" data-element_type=\"widget\" data-settings=\"{&quot;_animation&quot;:&quot;rotateIn&quot;}\" data-widget_type=\"heading.default\">\n\t\t\t\t<div class=\"elementor-widget-container\">\n\t\t\t<style>\/*! elementor - v3.16.0 - 09-10-2023 *\/\n.elementor-heading-title{padding:0;margin:0;line-height:1}.elementor-widget-heading .elementor-heading-title[class*=elementor-size-]>a{color:inherit;font-size:inherit;line-height:inherit}.elementor-widget-heading .elementor-heading-title.elementor-size-small{font-size:15px}.elementor-widget-heading .elementor-heading-title.elementor-size-medium{font-size:19px}.elementor-widget-heading .elementor-heading-title.elementor-size-large{font-size:29px}.elementor-widget-heading .elementor-heading-title.elementor-size-xl{font-size:39px}.elementor-widget-heading .elementor-heading-title.elementor-size-xxl{font-size:59px}<\/style><h2 class=\"elementor-heading-title elementor-size-default\">BONJOUR ET BIENVENUE \u00c0 TOUS<\/h2>\t\t<\/div>\n\t\t\t\t<\/div>\n\t\t\t\t\t<\/div>\n\t\t<\/div>\n\t\t\t\t\t\t\t<\/div>\n\t\t<\/section>\n\t\t\t\t<section class=\"elementor-section elementor-top-section elementor-element elementor-element-331f456 elementor-section-boxed elementor-section-height-default elementor-section-height-default\" data-id=\"331f456\" data-element_type=\"section\">\n\t\t\t\t\t\t<div class=\"elementor-container elementor-column-gap-default\">\n\t\t\t\t\t<div class=\"elementor-column elementor-col-66 elementor-top-column elementor-element elementor-element-25ce2d5\" data-id=\"25ce2d5\" data-element_type=\"column\">\n\t\t\t<div class=\"elementor-widget-wrap elementor-element-populated\">\n\t\t\t\t\t\t\t\t<div class=\"elementor-element elementor-element-99fe8e9 elementor-widget elementor-widget-text-editor\" data-id=\"99fe8e9\" data-element_type=\"widget\" data-widget_type=\"text-editor.default\">\n\t\t\t\t<div class=\"elementor-widget-container\">\n\t\t\t<style>\/*! elementor - v3.16.0 - 09-10-2023 *\/\n.elementor-widget-text-editor.elementor-drop-cap-view-stacked .elementor-drop-cap{background-color:#69727d;color:#fff}.elementor-widget-text-editor.elementor-drop-cap-view-framed .elementor-drop-cap{color:#69727d;border:3px solid;background-color:transparent}.elementor-widget-text-editor:not(.elementor-drop-cap-view-default) .elementor-drop-cap{margin-top:8px}.elementor-widget-text-editor:not(.elementor-drop-cap-view-default) .elementor-drop-cap-letter{width:1em;height:1em}.elementor-widget-text-editor .elementor-drop-cap{float:left;text-align:center;line-height:1;font-size:50px}.elementor-widget-text-editor .elementor-drop-cap-letter{display:inline-block}<\/style>\t\t\t\t<p class=\"MsoNormal\" style=\"text-align: justify;\">Je m\u2019appelle Laetitia.\u00a0<span style=\"font-weight: bold;\">Je suis th\u00e9rapeute en th\u00e9rapies br\u00e8ves, mes outils sont l\u2019hypnose Ericksonienne et la PNL.<\/span><\/p><p class=\"MsoNormal\" style=\"text-align: justify;\">J\u2019ai toujours nourri une passion pour l\u2019humain et sa psychologie.<\/p><p class=\"MsoNormal\" style=\"text-align: justify;\">C\u2019est pour cela que j\u2019ai fait 5 ans d\u2019\u00e9tudes de psychologie avec une approche d\u00e9veloppementale de la personne.<\/p><p class=\"MsoNormal\" style=\"text-align: justify;\">Je travaille depuis 2010 aupr\u00e8s d\u2019enfants en situation du handicap moteur , l\u2019adaptabilit\u00e9 est mon quotidien pouvoir intervenir aupr\u00e8s des personnes \u00e0 sp\u00e9cificit\u00e9.<\/p><p class=\"MsoNormal\" style=\"text-align: justify;\">Gr\u00e2ce \u00e0 mon cursus universitaire et \u00e0 mon activit\u00e9 professionnelle j\u2019ai acquis et d\u00e9velopper \u00e9norm\u00e9ment de connaissance sur la psychologie et<br \/>particuli\u00e8rement celle de l\u2019enfant et de l\u2019adolescent .<\/p><p class=\"MsoNormal\" style=\"text-align: justify;\">Ayant une soif d\u2019apprendre et de m\u2019enrichir sur de nouvelles approches.<\/p><p class=\"MsoNormal\" style=\"text-align: justify;\">Il y a tellement de ressources non exploit\u00e9es en chacun de nous, que nous sommes tous capables d\u2019\u00e9voluer, d\u2019atteindre nos objectifs. J\u2019ai donc d\u00e9cid\u00e9 de me former \u00e0 l\u2019hypnose Ericksonienne et \u00e0 la Programmation Neuro Linguistique en 2022.<\/p><p class=\"MsoNormal\" style=\"text-align: justify;\">\u00c7a a \u00e9t\u00e9 pour moi une r\u00e9v\u00e9lation et depuis je les int\u00e8gre au quotidien dans mon travail et je souhaite \u00e9galement le partager en dehors de ce cadre.<\/p>\t\t\t\t\t\t<\/div>\n\t\t\t\t<\/div>\n\t\t\t\t\t<\/div>\n\t\t<\/div>\n\t\t\t\t<div class=\"elementor-column elementor-col-33 elementor-top-column elementor-element elementor-element-5d4e5e4\" data-id=\"5d4e5e4\" data-element_type=\"column\">\n\t\t\t<div class=\"elementor-widget-wrap elementor-element-populated\">\n\t\t\t\t\t\t\t\t<div class=\"elementor-element elementor-element-897a27f elementor-widget elementor-widget-image\" data-id=\"897a27f\" data-element_type=\"widget\" data-settings=\"{&quot;_animation&quot;:&quot;none&quot;}\" data-widget_type=\"image.default\">\n\t\t\t\t<div class=\"elementor-widget-container\">\n\t\t\t<style>\/*! elementor - v3.16.0 - 09-10-2023 *\/\n.elementor-widget-image{text-align:center}.elementor-widget-image a{display:inline-block}.elementor-widget-image a img[src$=\".svg\"]{width:48px}.elementor-widget-image img{vertical-align:middle;display:inline-block}<\/style>\t\t\t\t\t\t\t\t\t\t\t\t<img loading=\"lazy\" decoding=\"async\" width=\"658\" height=\"1024\" src=\"https:\/\/laetitia-chasse-pnl-hypnose.fr\/wp-content\/uploads\/2023\/08\/LC-DOUBLE-658x1024.jpeg\" class=\"attachment-large size-large wp-image-421\" alt=\"\" srcset=\"https:\/\/laetitia-chasse-pnl-hypnose.fr\/wp-content\/uploads\/2023\/08\/LC-DOUBLE-658x1024.jpeg 658w, https:\/\/laetitia-chasse-pnl-hypnose.fr\/wp-content\/uploads\/2023\/08\/LC-DOUBLE-193x300.jpeg 193w, https:\/\/laetitia-chasse-pnl-hypnose.fr\/wp-content\/uploads\/2023\/08\/LC-DOUBLE-768x1196.jpeg 768w, https:\/\/laetitia-chasse-pnl-hypnose.fr\/wp-content\/uploads\/2023\/08\/LC-DOUBLE-986x1536.jpeg 986w, https:\/\/laetitia-chasse-pnl-hypnose.fr\/wp-content\/uploads\/2023\/08\/LC-DOUBLE.jpeg 1315w\" sizes=\"auto, (max-width: 658px) 100vw, 658px\" \/>\t\t\t\t\t\t\t\t\t\t\t\t\t\t\t<\/div>\n\t\t\t\t<\/div>\n\t\t\t\t\t<\/div>\n\t\t<\/div>\n\t\t\t\t\t\t\t<\/div>\n\t\t<\/section>\n\t\t\t\t<section class=\"elementor-section elementor-top-section elementor-element elementor-element-eab4e62 elementor-section-boxed elementor-section-height-default elementor-section-height-default\" data-id=\"eab4e62\" data-element_type=\"section\">\n\t\t\t\t\t\t<div class=\"elementor-container elementor-column-gap-default\">\n\t\t\t\t\t<div class=\"elementor-column elementor-col-100 elementor-top-column elementor-element elementor-element-6f6831f\" data-id=\"6f6831f\" data-element_type=\"column\">\n\t\t\t<div class=\"elementor-widget-wrap elementor-element-populated\">\n\t\t\t\t\t\t\t\t<div class=\"elementor-element elementor-element-3ffd5ef elementor-widget elementor-widget-heading\" data-id=\"3ffd5ef\" data-element_type=\"widget\" data-widget_type=\"heading.default\">\n\t\t\t\t<div class=\"elementor-widget-container\">\n\t\t\t<h2 class=\"elementor-heading-title elementor-size-default\">Mes qualit\u00e9s :<\/h2>\t\t<\/div>\n\t\t\t\t<\/div>\n\t\t\t\t\t<\/div>\n\t\t<\/div>\n\t\t\t\t\t\t\t<\/div>\n\t\t<\/section>\n\t\t\t\t<section class=\"elementor-section elementor-top-section elementor-element elementor-element-e584cfe elementor-section-boxed elementor-section-height-default elementor-section-height-default\" data-id=\"e584cfe\" data-element_type=\"section\">\n\t\t\t\t\t\t<div class=\"elementor-container elementor-column-gap-default\">\n\t\t\t\t\t<div class=\"elementor-column elementor-col-33 elementor-top-column elementor-element elementor-element-0ac577a\" data-id=\"0ac577a\" data-element_type=\"column\">\n\t\t\t<div class=\"elementor-widget-wrap elementor-element-populated\">\n\t\t\t\t\t\t\t\t<div class=\"elementor-element elementor-element-9434f7a animated-fast elementor-invisible elementor-widget elementor-widget-text-editor\" data-id=\"9434f7a\" data-element_type=\"widget\" data-settings=\"{&quot;_animation&quot;:&quot;fadeInDown&quot;,&quot;_animation_delay&quot;:0}\" data-widget_type=\"text-editor.default\">\n\t\t\t\t<div class=\"elementor-widget-container\">\n\t\t\t\t\t\t\t<h2><u><b>\u00c9coute<\/b><\/u><\/h2>\n<p><\/p>\n<p class=\"MsoNormal\">Pendant la s\u00e9ance, je suis totalement concentr\u00e9e sur vous, et je suis l\u00e0 aussi pour activer cette qualit\u00e9 d\u2019\u00e9coute pour vous-m\u00eame. Car il est important, un travail d\u2019hypnose commence par un travail d\u2019\u00e9coute int\u00e9rieur.<\/p>\t\t\t\t\t\t<\/div>\n\t\t\t\t<\/div>\n\t\t\t\t\t<\/div>\n\t\t<\/div>\n\t\t\t\t<div class=\"elementor-column elementor-col-33 elementor-top-column elementor-element elementor-element-5eca399\" data-id=\"5eca399\" data-element_type=\"column\">\n\t\t\t<div class=\"elementor-widget-wrap elementor-element-populated\">\n\t\t\t\t\t\t\t\t<div class=\"elementor-element elementor-element-884c1c4 elementor-invisible elementor-widget elementor-widget-text-editor\" data-id=\"884c1c4\" data-element_type=\"widget\" data-settings=\"{&quot;_animation&quot;:&quot;fadeInDown&quot;,&quot;_animation_delay&quot;:500}\" data-widget_type=\"text-editor.default\">\n\t\t\t\t<div class=\"elementor-widget-container\">\n\t\t\t\t\t\t\t<h2><b><u>La bienveillance<\/u><\/b><\/h2><p><o:p><\/o:p><\/p><p>\n\n<\/p><p>La bienveillance est une valeur au c\u0153ur de mon travail, et\nelle circule, de moi \u00e0 vous, de vous \u00e0 vous et de vous \u00e0 moi. Sachez que\nj\u2019agirai toujours avec bienveillance pour votre challenge que vous avez\naujourd\u2019hui choisi de gagner.<o:p><\/o:p><\/p>\t\t\t\t\t\t<\/div>\n\t\t\t\t<\/div>\n\t\t\t\t\t<\/div>\n\t\t<\/div>\n\t\t\t\t<div class=\"elementor-column elementor-col-33 elementor-top-column elementor-element elementor-element-103f843\" data-id=\"103f843\" data-element_type=\"column\">\n\t\t\t<div class=\"elementor-widget-wrap elementor-element-populated\">\n\t\t\t\t\t\t\t\t<div class=\"elementor-element elementor-element-4c209a5 animated-slow elementor-invisible elementor-widget elementor-widget-text-editor\" data-id=\"4c209a5\" data-element_type=\"widget\" data-settings=\"{&quot;_animation&quot;:&quot;fadeInDown&quot;,&quot;_animation_delay&quot;:1000}\" data-widget_type=\"text-editor.default\">\n\t\t\t\t<div class=\"elementor-widget-container\">\n\t\t\t\t\t\t\t<h2><b><u>Confidentialit\u00e9<\/u><\/b><\/h2><p><o:p><\/o:p><\/p><p>\n\n<\/p><p>Parce que ce moment est important pour vous, je m\u2019engage \u00e0\nvous accompagner vers votre changement en toute s\u00e9curit\u00e9 et respect du secret\nprofessionnel .<o:p><\/o:p><\/p>\t\t\t\t\t\t<\/div>\n\t\t\t\t<\/div>\n\t\t\t\t\t<\/div>\n\t\t<\/div>\n\t\t\t\t\t\t\t<\/div>\n\t\t<\/section>\n\t\t\t\t<section class=\"elementor-section elementor-top-section elementor-element elementor-element-cff8e1c elementor-section-boxed elementor-section-height-default elementor-section-height-default\" data-id=\"cff8e1c\" data-element_type=\"section\">\n\t\t\t\t\t\t<div class=\"elementor-container elementor-column-gap-default\">\n\t\t\t\t\t<div class=\"elementor-column elementor-col-100 elementor-top-column elementor-element elementor-element-b10ea53\" data-id=\"b10ea53\" data-element_type=\"column\">\n\t\t\t<div class=\"elementor-widget-wrap elementor-element-populated\">\n\t\t\t\t\t\t\t\t<div class=\"elementor-element elementor-element-c9a7bce elementor-widget elementor-widget-heading\" data-id=\"c9a7bce\" data-element_type=\"widget\" data-widget_type=\"heading.default\">\n\t\t\t\t<div class=\"elementor-widget-container\">\n\t\t\t<h2 class=\"elementor-heading-title elementor-size-default\">Les limites :<\/h2>\t\t<\/div>\n\t\t\t\t<\/div>\n\t\t\t\t\t<\/div>\n\t\t<\/div>\n\t\t\t\t\t\t\t<\/div>\n\t\t<\/section>\n\t\t\t\t<section class=\"elementor-section elementor-top-section elementor-element elementor-element-50c13d0 elementor-section-boxed elementor-section-height-default elementor-section-height-default\" data-id=\"50c13d0\" data-element_type=\"section\">\n\t\t\t\t\t\t<div class=\"elementor-container elementor-column-gap-default\">\n\t\t\t\t\t<div class=\"elementor-column elementor-col-100 elementor-top-column elementor-element elementor-element-a2282fd\" data-id=\"a2282fd\" data-element_type=\"column\">\n\t\t\t<div class=\"elementor-widget-wrap elementor-element-populated\">\n\t\t\t\t\t\t\t\t<div class=\"elementor-element elementor-element-4f0a414 elementor-widget elementor-widget-text-editor\" data-id=\"4f0a414\" data-element_type=\"widget\" data-widget_type=\"text-editor.default\">\n\t\t\t\t<div class=\"elementor-widget-container\">\n\t\t\t\t\t\t\t<p class=\"MsoNormal\">Les th\u00e9rapies br\u00e8ves sont des accompagnements orient\u00e9s solutions qui peuvent changer votre vie. Cependant elles ont leurs limites. Ils ne remplacent pas un traitement m\u00e9dical et ne peuvent pas se substituer \u00e0 un avis m\u00e9dical. Ils demandent un engagement de votre part pour que la s\u00e9ance soit plus efficace.<\/p>\t\t\t\t\t\t<\/div>\n\t\t\t\t<\/div>\n\t\t\t\t\t<\/div>\n\t\t<\/div>\n\t\t\t\t\t\t\t<\/div>\n\t\t<\/section>\n\t\t\t\t<section class=\"elementor-section elementor-top-section elementor-element elementor-element-8610b55 elementor-section-boxed elementor-section-height-default elementor-section-height-default\" data-id=\"8610b55\" data-element_type=\"section\">\n\t\t\t\t\t\t<div class=\"elementor-container elementor-column-gap-default\">\n\t\t\t\t\t<div class=\"elementor-column elementor-col-100 elementor-top-column elementor-element elementor-element-db8852b\" data-id=\"db8852b\" data-element_type=\"column\">\n\t\t\t<div class=\"elementor-widget-wrap elementor-element-populated\">\n\t\t\t\t\t\t\t\t<div class=\"elementor-element elementor-element-43a9166 elementor-widget elementor-widget-heading\" data-id=\"43a9166\" data-element_type=\"widget\" data-widget_type=\"heading.default\">\n\t\t\t\t<div class=\"elementor-widget-container\">\n\t\t\t<h2 class=\"elementor-heading-title elementor-size-default\">Certifications et Formations<\/h2>\t\t<\/div>\n\t\t\t\t<\/div>\n\t\t\t\t\t<\/div>\n\t\t<\/div>\n\t\t\t\t\t\t\t<\/div>\n\t\t<\/section>\n\t\t\t\t<section class=\"elementor-section elementor-top-section elementor-element elementor-element-fd84fac elementor-section-boxed elementor-section-height-default elementor-section-height-default\" data-id=\"fd84fac\" data-element_type=\"section\">\n\t\t\t\t\t\t<div class=\"elementor-container elementor-column-gap-default\">\n\t\t\t\t\t<div class=\"elementor-column elementor-col-50 elementor-top-column elementor-element elementor-element-087ea6e\" data-id=\"087ea6e\" data-element_type=\"column\">\n\t\t\t<div class=\"elementor-widget-wrap elementor-element-populated\">\n\t\t\t\t\t\t\t\t<div class=\"elementor-element elementor-element-ec8800a elementor-widget elementor-widget-image\" data-id=\"ec8800a\" data-element_type=\"widget\" data-widget_type=\"image.default\">\n\t\t\t\t<div class=\"elementor-widget-container\">\n\t\t\t\t\t\t\t\t\t\t\t\t\t\t\t<img loading=\"lazy\" decoding=\"async\" width=\"980\" height=\"654\" src=\"https:\/\/laetitia-chasse-pnl-hypnose.fr\/wp-content\/uploads\/2023\/06\/IMG_3940-1024x683.jpg\" class=\"attachment-large size-large wp-image-31\" alt=\"\" srcset=\"https:\/\/laetitia-chasse-pnl-hypnose.fr\/wp-content\/uploads\/2023\/06\/IMG_3940-1024x683.jpg 1024w, https:\/\/laetitia-chasse-pnl-hypnose.fr\/wp-content\/uploads\/2023\/06\/IMG_3940-300x200.jpg 300w, https:\/\/laetitia-chasse-pnl-hypnose.fr\/wp-content\/uploads\/2023\/06\/IMG_3940-768x512.jpg 768w, https:\/\/laetitia-chasse-pnl-hypnose.fr\/wp-content\/uploads\/2023\/06\/IMG_3940-1536x1024.jpg 1536w, https:\/\/laetitia-chasse-pnl-hypnose.fr\/wp-content\/uploads\/2023\/06\/IMG_3940-2048x1365.jpg 2048w\" sizes=\"auto, (max-width: 980px) 100vw, 980px\" \/>\t\t\t\t\t\t\t\t\t\t\t\t\t\t\t<\/div>\n\t\t\t\t<\/div>\n\t\t\t\t\t<\/div>\n\t\t<\/div>\n\t\t\t\t<div class=\"elementor-column elementor-col-50 elementor-top-column elementor-element elementor-element-9042de6\" data-id=\"9042de6\" data-element_type=\"column\">\n\t\t\t<div class=\"elementor-widget-wrap elementor-element-populated\">\n\t\t\t\t\t\t\t\t<div class=\"elementor-element elementor-element-cd8c43f elementor-widget elementor-widget-text-editor\" data-id=\"cd8c43f\" data-element_type=\"widget\" data-widget_type=\"text-editor.default\">\n\t\t\t\t<div class=\"elementor-widget-container\">\n\t\t\t\t\t\t\t<p><\/p>\n<p><b>&nbsp;* Master 2 de Psychologie du Handicap et de la D\u00e9ficience,<br>Universit\u00e9 de Picardie Jules Vernes \u00e0 Amiens<\/b><\/p>\n<p><b>&nbsp;* Praticienne en hypnose Ericksonienne, Institut Psynapse <\/b><\/p>\n<p><b>&nbsp;* Technicienne en Programmation Neuro Linguistique (PNL), Institut Psynapse<\/b><\/p><p><b>* Hypnose enfants, Institut Psynapse<\/b><\/p><p><b>*Hypno Analg\u00e9sie, Institut Psynapse<\/b><\/p><p><b>* Gestion des Troubles du Sommeil, Institut Psynapse<\/b><\/p>\t\t\t\t\t\t<\/div>\n\t\t\t\t<\/div>\n\t\t\t\t\t<\/div>\n\t\t<\/div>\n\t\t\t\t\t\t\t<\/div>\n\t\t<\/section>\n\t\t\t\t<section class=\"elementor-section elementor-top-section elementor-element elementor-element-3864d26 elementor-section-boxed elementor-section-height-default elementor-section-height-default\" data-id=\"3864d26\" data-element_type=\"section\">\n\t\t\t\t\t\t<div class=\"elementor-container elementor-column-gap-default\">\n\t\t\t\t\t<div class=\"elementor-column elementor-col-100 elementor-top-column elementor-element elementor-element-78cf190\" data-id=\"78cf190\" data-element_type=\"column\">\n\t\t\t<div class=\"elementor-widget-wrap elementor-element-populated\">\n\t\t\t\t\t\t\t\t<div class=\"elementor-element elementor-element-ebbd51b elementor-widget elementor-widget-text-editor\" data-id=\"ebbd51b\" data-element_type=\"widget\" data-widget_type=\"text-editor.default\">\n\t\t\t\t<div class=\"elementor-widget-container\">\n\t\t\t\t\t\t\t<p class=\"MsoNormal\"><b><u>Pour vous offrir le meilleur accompagnement possible, il est pour moi primordial de continuer sans cesse \u00e0 me former afin de compl\u00e9ter mes connaissances et de les affiner.<\/u><\/b><\/p>\t\t\t\t\t\t<\/div>\n\t\t\t\t<\/div>\n\t\t\t\t\t<\/div>\n\t\t<\/div>\n\t\t\t\t\t\t\t<\/div>\n\t\t<\/section>\n\t\t\t\t\t\t\t<\/div>\n\t\t","protected":false},"excerpt":{"rendered":"<p>BONJOUR ET BIENVENUE \u00c0 TOUS Je m\u2019appelle Laetitia.\u00a0Je suis th\u00e9rapeute en th\u00e9rapies br\u00e8ves, mes outils sont l\u2019hypnose Ericksonienne et la PNL. J\u2019ai toujours nourri une passion pour l\u2019humain et sa psychologie. C\u2019est pour cela que j\u2019ai fait 5 ans d\u2019\u00e9tudes de psychologie avec une approche d\u00e9veloppementale de la personne. Je travaille depuis 2010 aupr\u00e8s d\u2019enfants [&hellip;]<\/p>\n","protected":false},"author":1,"featured_media":0,"parent":0,"menu_order":1,"comment_status":"closed","ping_status":"closed","template":"","meta":{"footnotes":""},"class_list":["post-42","page","type-page","status-publish","hentry"],"_links":{"self":[{"href":"https:\/\/laetitia-chasse-pnl-hypnose.fr\/index.php\/wp-json\/wp\/v2\/pages\/42","targetHints":{"allow":["GET"]}}],"collection":[{"href":"https:\/\/laetitia-chasse-pnl-hypnose.fr\/index.php\/wp-json\/wp\/v2\/pages"}],"about":[{"href":"https:\/\/laetitia-chasse-pnl-hypnose.fr\/index.php\/wp-json\/wp\/v2\/types\/page"}],"author":[{"embeddable":true,"href":"https:\/\/laetitia-chasse-pnl-hypnose.fr\/index.php\/wp-json\/wp\/v2\/users\/1"}],"replies":[{"embeddable":true,"href":"https:\/\/laetitia-chasse-pnl-hypnose.fr\/index.php\/wp-json\/wp\/v2\/comments?post=42"}],"version-history":[{"count":102,"href":"https:\/\/laetitia-chasse-pnl-hypnose.fr\/index.php\/wp-json\/wp\/v2\/pages\/42\/revisions"}],"predecessor-version":[{"id":757,"href":"https:\/\/laetitia-chasse-pnl-hypnose.fr\/index.php\/wp-json\/wp\/v2\/pages\/42\/revisions\/757"}],"wp:attachment":[{"href":"https:\/\/laetitia-chasse-pnl-hypnose.fr\/index.php\/wp-json\/wp\/v2\/media?parent=42"}],"curies":[{"name":"wp","href":"https:\/\/api.w.org\/{rel}","templated":true}]}}