{"id":2,"date":"2023-03-26T15:54:22","date_gmt":"2023-03-26T13:54:22","guid":{"rendered":"http:\/\/laetitia-chasse-pnl-hypnose.fr\/?page_id=2"},"modified":"2024-02-17T14:14:22","modified_gmt":"2024-02-17T13:14:22","slug":"page-d-exemple","status":"publish","type":"page","link":"https:\/\/laetitia-chasse-pnl-hypnose.fr\/","title":{"rendered":"ACCUEIL"},"content":{"rendered":"\t\t<div data-elementor-type=\"wp-page\" data-elementor-id=\"2\" class=\"elementor elementor-2\">\n\t\t\t\t\t\t\t\t\t<section class=\"elementor-section elementor-top-section elementor-element elementor-element-0d551d2 elementor-section-boxed elementor-section-height-default elementor-section-height-default\" data-id=\"0d551d2\" data-element_type=\"section\">\n\t\t\t\t\t\t<div class=\"elementor-container elementor-column-gap-default\">\n\t\t\t\t\t<div class=\"elementor-column elementor-col-50 elementor-top-column elementor-element elementor-element-628a0ef\" data-id=\"628a0ef\" data-element_type=\"column\">\n\t\t\t<div class=\"elementor-widget-wrap elementor-element-populated\">\n\t\t\t\t\t\t\t\t<div class=\"elementor-element elementor-element-bd0b3b3 elementor-widget elementor-widget-image\" data-id=\"bd0b3b3\" data-element_type=\"widget\" data-widget_type=\"image.default\">\n\t\t\t\t<div class=\"elementor-widget-container\">\n\t\t\t<style>\/*! elementor - v3.16.0 - 09-10-2023 *\/\n.elementor-widget-image{text-align:center}.elementor-widget-image a{display:inline-block}.elementor-widget-image a img[src$=\".svg\"]{width:48px}.elementor-widget-image img{vertical-align:middle;display:inline-block}<\/style>\t\t\t\t\t\t\t\t\t\t\t\t<img decoding=\"async\" src=\"https:\/\/laetitia-chasse-pnl-hypnose.fr\/wp-content\/uploads\/2023\/10\/Cabinet-3.jpg\" title=\"Cabinet 3\" alt=\"Cabinet 3\" loading=\"lazy\" \/>\t\t\t\t\t\t\t\t\t\t\t\t\t\t\t<\/div>\n\t\t\t\t<\/div>\n\t\t\t\t\t<\/div>\n\t\t<\/div>\n\t\t\t\t<div class=\"elementor-column elementor-col-50 elementor-top-column elementor-element elementor-element-52cc758\" data-id=\"52cc758\" data-element_type=\"column\">\n\t\t\t<div class=\"elementor-widget-wrap elementor-element-populated\">\n\t\t\t\t\t\t\t\t<div class=\"elementor-element elementor-element-79e001a elementor-widget elementor-widget-image\" data-id=\"79e001a\" data-element_type=\"widget\" data-widget_type=\"image.default\">\n\t\t\t\t<div class=\"elementor-widget-container\">\n\t\t\t\t\t\t\t\t\t\t\t\t\t\t\t<img loading=\"lazy\" decoding=\"async\" width=\"980\" height=\"551\" src=\"https:\/\/laetitia-chasse-pnl-hypnose.fr\/wp-content\/uploads\/2023\/10\/Coin-enfant-1-1024x576.jpg\" class=\"attachment-large size-large wp-image-563\" alt=\"\" srcset=\"https:\/\/laetitia-chasse-pnl-hypnose.fr\/wp-content\/uploads\/2023\/10\/Coin-enfant-1-1024x576.jpg 1024w, https:\/\/laetitia-chasse-pnl-hypnose.fr\/wp-content\/uploads\/2023\/10\/Coin-enfant-1-300x169.jpg 300w, https:\/\/laetitia-chasse-pnl-hypnose.fr\/wp-content\/uploads\/2023\/10\/Coin-enfant-1-768x432.jpg 768w, https:\/\/laetitia-chasse-pnl-hypnose.fr\/wp-content\/uploads\/2023\/10\/Coin-enfant-1-1536x864.jpg 1536w, https:\/\/laetitia-chasse-pnl-hypnose.fr\/wp-content\/uploads\/2023\/10\/Coin-enfant-1.jpg 1920w\" sizes=\"auto, (max-width: 980px) 100vw, 980px\" \/>\t\t\t\t\t\t\t\t\t\t\t\t\t\t\t<\/div>\n\t\t\t\t<\/div>\n\t\t\t\t\t<\/div>\n\t\t<\/div>\n\t\t\t\t\t\t\t<\/div>\n\t\t<\/section>\n\t\t\t\t<section class=\"elementor-section elementor-top-section elementor-element elementor-element-b040f6f elementor-section-boxed elementor-section-height-default elementor-section-height-default\" data-id=\"b040f6f\" data-element_type=\"section\">\n\t\t\t\t\t\t<div class=\"elementor-container elementor-column-gap-default\">\n\t\t\t\t\t<div class=\"elementor-column elementor-col-100 elementor-top-column elementor-element elementor-element-33dea70\" data-id=\"33dea70\" data-element_type=\"column\">\n\t\t\t<div class=\"elementor-widget-wrap elementor-element-populated\">\n\t\t\t\t\t\t\t\t<div class=\"elementor-element elementor-element-5e87e62 elementor-invisible elementor-widget elementor-widget-heading\" data-id=\"5e87e62\" data-element_type=\"widget\" data-settings=\"{&quot;_animation&quot;:&quot;fadeIn&quot;}\" data-widget_type=\"heading.default\">\n\t\t\t\t<div class=\"elementor-widget-container\">\n\t\t\t<style>\/*! elementor - v3.16.0 - 09-10-2023 *\/\n.elementor-heading-title{padding:0;margin:0;line-height:1}.elementor-widget-heading .elementor-heading-title[class*=elementor-size-]>a{color:inherit;font-size:inherit;line-height:inherit}.elementor-widget-heading .elementor-heading-title.elementor-size-small{font-size:15px}.elementor-widget-heading .elementor-heading-title.elementor-size-medium{font-size:19px}.elementor-widget-heading .elementor-heading-title.elementor-size-large{font-size:29px}.elementor-widget-heading .elementor-heading-title.elementor-size-xl{font-size:39px}.elementor-widget-heading .elementor-heading-title.elementor-size-xxl{font-size:59px}<\/style><h2 class=\"elementor-heading-title elementor-size-default\">LE CHANGEMENT EST UNE PORTE QUI NE S'OUVRE QUE DE L'INT\u00c9RIEUR<\/h2>\t\t<\/div>\n\t\t\t\t<\/div>\n\t\t\t\t\t<\/div>\n\t\t<\/div>\n\t\t\t\t\t\t\t<\/div>\n\t\t<\/section>\n\t\t\t\t<section class=\"elementor-section elementor-top-section elementor-element elementor-element-258a0a1 elementor-section-boxed elementor-section-height-default elementor-section-height-default\" data-id=\"258a0a1\" data-element_type=\"section\">\n\t\t\t\t\t\t<div class=\"elementor-container elementor-column-gap-default\">\n\t\t\t\t\t<div class=\"elementor-column elementor-col-100 elementor-top-column elementor-element elementor-element-a4a1f3c\" data-id=\"a4a1f3c\" data-element_type=\"column\">\n\t\t\t<div class=\"elementor-widget-wrap elementor-element-populated\">\n\t\t\t\t\t\t\t\t<div class=\"elementor-element elementor-element-346febc elementor-widget elementor-widget-heading\" data-id=\"346febc\" data-element_type=\"widget\" data-widget_type=\"heading.default\">\n\t\t\t\t<div class=\"elementor-widget-container\">\n\t\t\t<h2 class=\"elementor-heading-title elementor-size-default\">\u00c0 domicile ou en cabinet, je m'adapte \u00e0 vous :<\/h2>\t\t<\/div>\n\t\t\t\t<\/div>\n\t\t\t\t\t<\/div>\n\t\t<\/div>\n\t\t\t\t\t\t\t<\/div>\n\t\t<\/section>\n\t\t\t\t<section class=\"elementor-section elementor-top-section elementor-element elementor-element-bfb69eb elementor-section-boxed elementor-section-height-default elementor-section-height-default\" data-id=\"bfb69eb\" data-element_type=\"section\">\n\t\t\t\t\t\t<div class=\"elementor-container elementor-column-gap-default\">\n\t\t\t\t\t<div class=\"elementor-column elementor-col-100 elementor-top-column elementor-element elementor-element-68501cc\" data-id=\"68501cc\" data-element_type=\"column\">\n\t\t\t<div class=\"elementor-widget-wrap elementor-element-populated\">\n\t\t\t\t\t\t\t\t<div class=\"elementor-element elementor-element-525af68 elementor-widget elementor-widget-heading\" data-id=\"525af68\" data-element_type=\"widget\" data-widget_type=\"heading.default\">\n\t\t\t\t<div class=\"elementor-widget-container\">\n\t\t\t<h2 class=\"elementor-heading-title elementor-size-default\">Enfants - Adolescents - Adultes<\/h2>\t\t<\/div>\n\t\t\t\t<\/div>\n\t\t\t\t\t<\/div>\n\t\t<\/div>\n\t\t\t\t\t\t\t<\/div>\n\t\t<\/section>\n\t\t\t\t<section class=\"elementor-section elementor-top-section elementor-element elementor-element-c27d260 elementor-section-boxed elementor-section-height-default elementor-section-height-default\" data-id=\"c27d260\" data-element_type=\"section\">\n\t\t\t\t\t\t<div class=\"elementor-container elementor-column-gap-default\">\n\t\t\t\t\t<div class=\"elementor-column elementor-col-100 elementor-top-column elementor-element elementor-element-f54ec65\" data-id=\"f54ec65\" data-element_type=\"column\">\n\t\t\t<div class=\"elementor-widget-wrap elementor-element-populated\">\n\t\t\t\t\t\t\t\t<div class=\"elementor-element elementor-element-6ebbb7d elementor-widget elementor-widget-text-editor\" data-id=\"6ebbb7d\" data-element_type=\"widget\" data-widget_type=\"text-editor.default\">\n\t\t\t\t<div class=\"elementor-widget-container\">\n\t\t\t<style>\/*! elementor - v3.16.0 - 09-10-2023 *\/\n.elementor-widget-text-editor.elementor-drop-cap-view-stacked .elementor-drop-cap{background-color:#69727d;color:#fff}.elementor-widget-text-editor.elementor-drop-cap-view-framed .elementor-drop-cap{color:#69727d;border:3px solid;background-color:transparent}.elementor-widget-text-editor:not(.elementor-drop-cap-view-default) .elementor-drop-cap{margin-top:8px}.elementor-widget-text-editor:not(.elementor-drop-cap-view-default) .elementor-drop-cap-letter{width:1em;height:1em}.elementor-widget-text-editor .elementor-drop-cap{float:left;text-align:center;line-height:1;font-size:50px}.elementor-widget-text-editor .elementor-drop-cap-letter{display:inline-block}<\/style>\t\t\t\t<ul><li><strong>Vous aimez vous sentir bien<\/strong><\/li><li><strong>Vous souhaitez atteindre vos objectifs ?<\/strong><\/li><li><strong>Exploiter l&rsquo;enti\u00e8ret\u00e9 de vos ressources ?<\/strong><\/li><li><strong>D\u00e9velopper votre plein potentiel ?\u00a0Traiter un probl\u00e8me de sant\u00e9 ?<\/strong><\/li><li><strong>Alors l&rsquo;hypnose est faite pour vous, n&rsquo;est pas ?<\/strong><\/li><li><strong>Vous pouvez d\u00e9cider d&rsquo;attendre un peu ou de commencer tout de suite ?<\/strong><\/li><li><strong>Vous pouvez devenir la meilleure version de vous, avant m\u00eame d&rsquo;en \u00eatre conscient !<\/strong><\/li><li><strong>Laissez-moi vous accompagner vers la d\u00e9couverte de votre chemin de lumi\u00e8re.<\/strong><\/li><\/ul>\t\t\t\t\t\t<\/div>\n\t\t\t\t<\/div>\n\t\t\t\t\t<\/div>\n\t\t<\/div>\n\t\t\t\t\t\t\t<\/div>\n\t\t<\/section>\n\t\t\t\t<section class=\"elementor-section elementor-top-section elementor-element elementor-element-9f841b0 elementor-section-boxed elementor-section-height-default elementor-section-height-default\" data-id=\"9f841b0\" data-element_type=\"section\">\n\t\t\t\t\t\t<div class=\"elementor-container elementor-column-gap-default\">\n\t\t\t\t\t<div class=\"elementor-column elementor-col-100 elementor-top-column elementor-element elementor-element-fecaa72\" data-id=\"fecaa72\" data-element_type=\"column\">\n\t\t\t<div class=\"elementor-widget-wrap elementor-element-populated\">\n\t\t\t\t\t\t\t\t<div class=\"elementor-element elementor-element-1177c42 elementor-widget elementor-widget-heading\" data-id=\"1177c42\" data-element_type=\"widget\" data-widget_type=\"heading.default\">\n\t\t\t\t<div class=\"elementor-widget-container\">\n\t\t\t<h2 class=\"elementor-heading-title elementor-size-default\">Interrogations fr\u00e9quentes<\/h2>\t\t<\/div>\n\t\t\t\t<\/div>\n\t\t\t\t\t<\/div>\n\t\t<\/div>\n\t\t\t\t\t\t\t<\/div>\n\t\t<\/section>\n\t\t\t\t<section class=\"elementor-section elementor-top-section elementor-element elementor-element-0195b9a elementor-section-boxed elementor-section-height-default elementor-section-height-default\" data-id=\"0195b9a\" data-element_type=\"section\">\n\t\t\t\t\t\t<div class=\"elementor-container elementor-column-gap-default\">\n\t\t\t\t\t<div class=\"elementor-column elementor-col-50 elementor-top-column elementor-element elementor-element-a1f5854\" data-id=\"a1f5854\" data-element_type=\"column\">\n\t\t\t<div class=\"elementor-widget-wrap elementor-element-populated\">\n\t\t\t\t\t\t\t\t<div class=\"elementor-element elementor-element-91aeaad elementor-widget elementor-widget-text-editor\" data-id=\"91aeaad\" data-element_type=\"widget\" data-widget_type=\"text-editor.default\">\n\t\t\t\t<div class=\"elementor-widget-container\">\n\t\t\t\t\t\t\t<p><b><u>Suis-je r\u00e9ceptif(ve) \u00e0 l&rsquo;hypnose?<\/u><\/b><\/p>\n<p>Oui. En hypnose Ericksonienne, tout le monde peut \u00eatre hypnotis\u00e9. L&rsquo;hypnose est une th\u00e9rapie douve et naturelle.<br><\/p>\n<p><b><u>Puis-je m&rsquo;endormir ? Le th\u00e9rapeute peut-il me contr\u00f4ler ?<br><\/u><\/b><\/p>\n<p>Non vous ne dormez pas en hyspnose. Vous serez dans un \u00e9tat de conscience modifi\u00e9e donc tout \u00e0 fait apte \u00e0 \u00e9changer. Le th\u00e9rapeute est en contact avec votre inconscient, sans pour autant que vous soyez inconscient. Par ailleurs, vous aurez la capacit\u00e9 de bouger et parler.<\/p>\n<p><u><b>S<\/b><\/u><b><u>i je ne sais pas pourquoi je vais mal, vais-je pouvoir aller mieux?<\/u><\/b><\/p>\n<p>En hypnoth\u00e9rapie, on ne cherche pas \u00e0 savoir le pourquoi des sympt\u00f4mes. la prise de conscience de l&rsquo;origine du probl\u00e8me n&rsquo;est pas n\u00e9cessaire pour atteindre l&rsquo;objectif. On accompagne vers la solution. Un changement est la seule chose qui soit n\u00e9cessaire.<\/p>\n<p><\/p>\t\t\t\t\t\t<\/div>\n\t\t\t\t<\/div>\n\t\t\t\t\t<\/div>\n\t\t<\/div>\n\t\t\t\t<div class=\"elementor-column elementor-col-50 elementor-top-column elementor-element elementor-element-52cb064\" data-id=\"52cb064\" data-element_type=\"column\">\n\t\t\t<div class=\"elementor-widget-wrap elementor-element-populated\">\n\t\t\t\t\t\t\t\t<div class=\"elementor-element elementor-element-78f510b elementor-widget elementor-widget-text-editor\" data-id=\"78f510b\" data-element_type=\"widget\" data-widget_type=\"text-editor.default\">\n\t\t\t\t<div class=\"elementor-widget-container\">\n\t\t\t\t\t\t\t<p><b><u>Un changement demande-t-il du temps?<\/u><\/b><\/p><p>Dans la plupart des cas, les changements sont obtenus rapidement. Il est important de se concentrer sur ce qui est possible et r\u00e9alisable. L&rsquo;hypnose est une th\u00e9rapie br\u00e8ve.<\/p><p><b><u>C&rsquo;est l&rsquo;hypnoth\u00e9rapie qui soigne?<br \/><\/u><\/b><\/p><p>Non le th\u00e9rapeute ne soigne pas. Il vous accompagne pour que vous trouviez vos propres ressources. Vous les avez en vous pour effectuer les changements d\u00e9sir\u00e9s.<\/p><p><b><u>L&rsquo;hypnose est-elle dangereuses ?<br \/><\/u><\/b><\/p><p>Vous les avez en vous pour effectuer les changements d\u00e9sir\u00e9s.Il n&rsquo;y a pas de risque \u00e0 se faire hypnotiser. Les th\u00e9rapeutes certifi\u00e9s le font avec bienveillance et respect de l&rsquo;autre.<\/p>\t\t\t\t\t\t<\/div>\n\t\t\t\t<\/div>\n\t\t\t\t\t<\/div>\n\t\t<\/div>\n\t\t\t\t\t\t\t<\/div>\n\t\t<\/section>\n\t\t\t\t\t\t\t<\/div>\n\t\t","protected":false},"excerpt":{"rendered":"<p>LE CHANGEMENT EST UNE PORTE QUI NE S&rsquo;OUVRE QUE DE L&rsquo;INT\u00c9RIEUR \u00c0 domicile ou en cabinet, je m&rsquo;adapte \u00e0 vous : Enfants &#8211; Adolescents &#8211; Adultes Vous aimez vous sentir bien Vous souhaitez atteindre vos objectifs ? Exploiter l&rsquo;enti\u00e8ret\u00e9 de vos ressources ? D\u00e9velopper votre plein potentiel ?\u00a0Traiter un probl\u00e8me de sant\u00e9 ? Alors l&rsquo;hypnose [&hellip;]<\/p>\n","protected":false},"author":1,"featured_media":0,"parent":0,"menu_order":0,"comment_status":"closed","ping_status":"closed","template":"","meta":{"footnotes":""},"class_list":["post-2","page","type-page","status-publish","hentry"],"_links":{"self":[{"href":"https:\/\/laetitia-chasse-pnl-hypnose.fr\/index.php\/wp-json\/wp\/v2\/pages\/2","targetHints":{"allow":["GET"]}}],"collection":[{"href":"https:\/\/laetitia-chasse-pnl-hypnose.fr\/index.php\/wp-json\/wp\/v2\/pages"}],"about":[{"href":"https:\/\/laetitia-chasse-pnl-hypnose.fr\/index.php\/wp-json\/wp\/v2\/types\/page"}],"author":[{"embeddable":true,"href":"https:\/\/laetitia-chasse-pnl-hypnose.fr\/index.php\/wp-json\/wp\/v2\/users\/1"}],"replies":[{"embeddable":true,"href":"https:\/\/laetitia-chasse-pnl-hypnose.fr\/index.php\/wp-json\/wp\/v2\/comments?post=2"}],"version-history":[{"count":137,"href":"https:\/\/laetitia-chasse-pnl-hypnose.fr\/index.php\/wp-json\/wp\/v2\/pages\/2\/revisions"}],"predecessor-version":[{"id":783,"href":"https:\/\/laetitia-chasse-pnl-hypnose.fr\/index.php\/wp-json\/wp\/v2\/pages\/2\/revisions\/783"}],"wp:attachment":[{"href":"https:\/\/laetitia-chasse-pnl-hypnose.fr\/index.php\/wp-json\/wp\/v2\/media?parent=2"}],"curies":[{"name":"wp","href":"https:\/\/api.w.org\/{rel}","templated":true}]}}